{"id":5920,"date":"2017-01-11T16:53:41","date_gmt":"2017-05-24T13:31:41","guid":{"rendered":"http:\/\/www.screenint.com\/?post_type=product&#038;p=5920"},"modified":"2025-01-21T11:31:32","modified_gmt":"2025-01-21T11:31:32","slug":"screen-winch-system-per-schermi-fino-a-300-cm","status":"publish","type":"product","link":"https:\/\/www.screenint.com\/it\/all-products\/screen-winch-system-per-schermi-fino-a-300-cm\/","title":{"rendered":"Screen winch system per schermi fino a 300 cm"},"content":{"rendered":"<div id='layer_slider_1'  class='avia-layerslider main_color avia-shadow  avia-builder-el-0  el_before_av_one_half  avia-builder-el-first  container_wrap fullsize'  style='height: 151px; max-width: 1140px; margin: 0 auto;'  ><\/div><div id='after_layer_slider_1'  class='main_color av_default_container_wrap container_wrap fullsize'  ><div class='container av-section-cont-open' ><div class='template-page content  av-content-full alpha units'><div class='post-entry post-entry-type-page post-entry-5920'><div class='entry-content-wrapper clearfix'>\n\n<style type=\"text\/css\" data-created_by=\"avia_inline_auto\" id=\"style-css-av-av_one_half-6126cab7d8fab8d08143dd2dacdf673c\">\n.flex_column.av-av_one_half-6126cab7d8fab8d08143dd2dacdf673c{\nborder-radius:0px 0px 0px 0px;\npadding:0px 0px 0px 0px;\n}\n<\/style>\n<div  class='flex_column av-av_one_half-6126cab7d8fab8d08143dd2dacdf673c av_one_half  avia-builder-el-1  el_after_av_layerslider  el_before_av_one_half  avia-builder-el-first  first flex_column_div av-zero-column-padding  '     ><div  class='avia-slideshow av-av_slideshow-abd5978f30a1b35edbcfc6fe0fe814e8 avia-slideshow-featured av_slideshow avia-slide-slider  avia-builder-el-2  avia-builder-el-no-sibling  av-slideshow-ui av-control-default av-slideshow-manual av-loop-once av-loop-manual-endless av-default-height-applied avia-slideshow-1' data-slideshow-options=\"{&quot;animation&quot;:&quot;slide&quot;,&quot;autoplay&quot;:false,&quot;loop_autoplay&quot;:&quot;once&quot;,&quot;interval&quot;:5,&quot;loop_manual&quot;:&quot;manual-endless&quot;,&quot;autoplay_stopper&quot;:false,&quot;noNavigation&quot;:false,&quot;bg_slider&quot;:false,&quot;keep_padding&quot;:false,&quot;hoverpause&quot;:false,&quot;show_slide_delay&quot;:0}\"  itemprop=\"image\" itemscope=\"itemscope\" itemtype=\"https:\/\/schema.org\/ImageObject\" ><ul class='avia-slideshow-inner ' style='padding-bottom: 71.604938271605%;'><li  class='avia-slideshow-slide av-av_slideshow-abd5978f30a1b35edbcfc6fe0fe814e8__0  av-single-slide slide-1 slide-odd'><div data-rel='slideshow-1' class='avia-slide-wrap '   ><img decoding=\"async\" fetchpriority=\"high\" class=\"wp-image-5579 avia-img-lazy-loading-not-5579\"  src=\"https:\/\/www.screenint.com\/wp-content\/uploads\/2017\/01\/Immagine_prodotto-2.png\" width=\"567\" height=\"406\" title='Immagine_prodotto' alt=''  itemprop=\"thumbnailUrl\" srcset=\"https:\/\/www.screenint.com\/wp-content\/uploads\/2017\/01\/Immagine_prodotto-2.png 567w, https:\/\/www.screenint.com\/wp-content\/uploads\/2017\/01\/Immagine_prodotto-2-450x322.png 450w, https:\/\/www.screenint.com\/wp-content\/uploads\/2017\/01\/Immagine_prodotto-2-300x215.png 300w, https:\/\/www.screenint.com\/wp-content\/uploads\/2017\/01\/Immagine_prodotto-2-260x185.png 260w\" sizes=\"(max-width: 567px) 100vw, 567px\" \/><\/div><\/li><\/ul><\/div><\/div>\n\n<style type=\"text\/css\" data-created_by=\"avia_inline_auto\" id=\"style-css-av-av_one_half-0aa7055fe62c3622faec82866afbaeb2\">\n.flex_column.av-av_one_half-0aa7055fe62c3622faec82866afbaeb2{\nborder-radius:0px 0px 0px 0px;\npadding:0px 0px 0px 0px;\n}\n<\/style>\n<div  class='flex_column av-av_one_half-0aa7055fe62c3622faec82866afbaeb2 av_one_half  avia-builder-el-3  el_after_av_one_half  el_before_av_hr  flex_column_div av-zero-column-padding  '     ><style type=\"text\/css\" data-created_by=\"avia_inline_auto\" id=\"style-css-av-leod5rfr-afa67e2cc9986b082168b154a1559d4d\">\n#top .av_textblock_section.av-leod5rfr-afa67e2cc9986b082168b154a1559d4d .avia_textblock{\ncolor:#999999;\n}\n<\/style>\n<section  class='av_textblock_section av-leod5rfr-afa67e2cc9986b082168b154a1559d4d '   itemscope=\"itemscope\" itemtype=\"https:\/\/schema.org\/CreativeWork\" ><div class='avia_textblock av_inherit_color'  itemprop=\"text\" ><p style=\"text-align: left;\"><strong><span class=\"Apple-style-span\" style=\"color: #1e9cde; font-size: xx-large;\"><span class=\"Apple-style-span\" style=\"line-height: 48px;\">SCREEN WINCH SYSTEM PER SCHERMI FINO A 300 CM DI BASE<\/span><\/span><\/strong><\/p>\n<p>Questo modello di SCREEN WINCH SYSTEM \u00e8 stato ideato per consentire un ingombro pi\u00f9 contenuto del sistema per gli schermi motorizzati fino a 300 cm. di base. La corsa massima dell\u2019argano \u00e8 di 7 mt. Il sistema \u00e8 gestito da un telecomando a radiofrequenza. Oltre al telecomando, la novit\u00e0 risiede nel motore, che offre la <span style=\"color: #000000;\"><strong>possibilit\u00e0 di essere controllato da contatti puliti cablati<\/strong><\/span>. In dotazione vi sono tre staffe per fissare l\u2019argano al soffitto ed un raccoglicavo che va posizionato nella parte posteriore dello Screen Winch System, il cui scopo \u00e8 quello di fornire l\u2019alimentazione allo schermo per proiezione. E\u2019 previsto, inoltre, un MECCANISMO interno di SICUREZZA che interviene in caso di accidentali rotture.<\/p>\n<p><section  class='av_textblock_section av-av_textblock-41ffad917e94b84caba77a0632290d8a '   itemscope=\"itemscope\" itemtype=\"https:\/\/schema.org\/CreativeWork\" ><div class='avia_textblock'  itemprop=\"text\" ><\/div><\/section><br \/>\n<div  class='avia-button-wrap av-av_button-c7241a67ceee742a19004eb5b7a243ca-wrap avia-button-left  avia-builder-el-6  avia-builder-el-no-sibling '><a href='mailto:info@screenint.com?subject=SCREEN WINCH SYSTEM FOR SCREENS UP TO 300 CM. OF WIDTH-INFO'  class='avia-button av-av_button-c7241a67ceee742a19004eb5b7a243ca av-link-btn avia-icon_select-no avia-size-medium avia-position-left avia-color-theme-color'   aria-label=\"Richiedi informazioni\"><span class='avia_iconbox_title' >Richiedi informazioni<\/span><\/a><\/div><\/p>\n<\/div><\/section><\/div>\n<div  class='hr av-av_hr-8c1d5a908a63b24f9edc040d1b3fa0a0 hr-full  avia-builder-el-7  el_after_av_one_half  el_before_av_one_full  hr-no-shadow'><span class='hr-inner '><span class=\"hr-inner-style\"><\/span><\/span><\/div>\n\n<style type=\"text\/css\" data-created_by=\"avia_inline_auto\" id=\"style-css-av-av_one_full-6126cab7d8fab8d08143dd2dacdf673c\">\n.flex_column.av-av_one_full-6126cab7d8fab8d08143dd2dacdf673c{\nborder-radius:0px 0px 0px 0px;\npadding:0px 0px 0px 0px;\n}\n<\/style>\n<div  class='flex_column av-av_one_full-6126cab7d8fab8d08143dd2dacdf673c av_one_full  avia-builder-el-8  el_after_av_hr  el_before_av_hr  first flex_column_div av-zero-column-padding  '     ><div  class='togglecontainer av-jx4kinno-3583d5941b9cd804415666788468e3ba  avia-builder-el-9  avia-builder-el-no-sibling  toggle_close_all' >\n<section class='av_toggle_section av-av_toggle-f5c975f4fe0cb5c19d22ee77d5d68778'  itemscope=\"itemscope\" itemtype=\"https:\/\/schema.org\/CreativeWork\" ><div role=\"tablist\" class=\"single_toggle\" data-tags=\"{Tutto} \"  ><p id='toggle-toggle-id-1' data-fake-id='#toggle-id-1' class='toggler  av-title-above '  itemprop=\"headline\"  role='tab' tabindex='0' aria-controls='toggle-id-1' data-slide-speed=\"200\" data-title=\"SCHEDA TECNICA\" data-title-open=\"\" data-aria_collapsed=\"Clicca per espandere: SCHEDA TECNICA\" data-aria_expanded=\"Fare clic per chiudere: SCHEDA TECNICA\">SCHEDA TECNICA<span class=\"toggle_icon\"><span class=\"vert_icon\"><\/span><span class=\"hor_icon\"><\/span><\/span><\/p><div id='toggle-id-1' aria-labelledby='toggle-toggle-id-1' role='region' class='toggle_wrap  av-title-above'  ><div class='toggle_content invers-color '  itemprop=\"text\" >\n<!-- Generated using Document Gallery. Get yours here: http:\/\/wordpress.org\/extend\/plugins\/document-gallery -->\n<div id=\"document-gallery-1\" class=\"document-gallery\" data-shortcode='{\"id\":5920,\"include\":\"10190\",\"exclude\":\"\",\"attachment_pg\":false,\"columns\":4,\"descriptions\":false,\"fancy\":true,\"limit\":-1,\"mime_types\":\"application,video,text,audio,image\",\"new_window\":true,\"order\":\"ASC\",\"orderby\":\"post__in\",\"paginate\":true,\"post_status\":\"any\",\"post_type\":\"attachment\",\"relation\":\"AND\",\"skip\":0}' style='--dg-icon-width: 24%'>\n<div class='document-icon-row'>\n   <div class=\"document-icon\">\n      <a href=\"https:\/\/www.screenint.com\/wp-content\/uploads\/2017\/01\/ST-SWS-300-ITA-2021_11_16.pdf\" target=\"_blank\">\n         <img decoding=\"async\" src=\"https:\/\/www.screenint.com\/wp-content\/uploads\/2017\/01\/ST-SWS-300-ITA-2021_11_16-thumb.png\" title=\"ST &#8211; SWS -&gt;300 ITA 2021_11_16\" alt=\"ST &#8211; SWS -&gt;300 ITA 2021_11_16\" data-ext=\"pdf\"\/>\n         <span class=\"title\">ST &#8211; SWS ->300 ITA 2021_11_16<\/span>\n      <\/a>\n   <\/div>\n\n<\/div>\n<\/div>\n<\/div><\/div><\/div><\/section>\n<section class='av_toggle_section av-ler1nugq-acecdec7d2572456f95caead8bc75c61'  itemscope=\"itemscope\" itemtype=\"https:\/\/schema.org\/CreativeWork\" ><div role=\"tablist\" class=\"single_toggle\" data-tags=\"{Tutto} \"  ><p id='toggle-toggle-id-2' data-fake-id='#toggle-id-2' class='toggler  av-title-above '  itemprop=\"headline\"  role='tab' tabindex='0' aria-controls='toggle-id-2' data-slide-speed=\"200\" data-title=\"ISTRUZIONI DI MONTAGGIO\" data-title-open=\"\" data-aria_collapsed=\"Clicca per espandere: ISTRUZIONI DI MONTAGGIO\" data-aria_expanded=\"Fare clic per chiudere: ISTRUZIONI DI MONTAGGIO\">ISTRUZIONI DI MONTAGGIO<span class=\"toggle_icon\"><span class=\"vert_icon\"><\/span><span class=\"hor_icon\"><\/span><\/span><\/p><div id='toggle-id-2' aria-labelledby='toggle-toggle-id-2' role='region' class='toggle_wrap  av-title-above'  ><div class='toggle_content invers-color '  itemprop=\"text\" >\n<!-- Generated using Document Gallery. Get yours here: http:\/\/wordpress.org\/extend\/plugins\/document-gallery -->\n<div id=\"document-gallery-2\" class=\"document-gallery\" data-shortcode='{\"id\":5920,\"include\":\"13248\",\"exclude\":\"\",\"attachment_pg\":false,\"columns\":4,\"descriptions\":false,\"fancy\":true,\"limit\":-1,\"mime_types\":\"application,video,text,audio,image\",\"new_window\":true,\"order\":\"ASC\",\"orderby\":\"post__in\",\"paginate\":true,\"post_status\":\"any\",\"post_type\":\"attachment\",\"relation\":\"AND\",\"skip\":0}' style='--dg-icon-width: 24%'>\n<div class='document-icon-row'>\n   <div class=\"document-icon\">\n      <a href=\"https:\/\/www.screenint.com\/wp-content\/uploads\/2017\/01\/ISTRUZIONI-MONTAGGIO-SCREEN-WINCH-PER-SCHERMI-FINO-A-300-CM-NICE-MOTOR-NOV-2024.pdf\" target=\"_blank\">\n         <img decoding=\"async\" src=\"https:\/\/www.screenint.com\/wp-content\/uploads\/2017\/01\/ISTRUZIONI-MONTAGGIO-SCREEN-WINCH-PER-SCHERMI-FINO-A-300-CM-NICE-MOTOR-NOV-2024-thumb.png\" title=\"ISTRUZIONI MONTAGGIO SCREEN WINCH PER SCHERMI FINO A 300 CM &#8211; NICE MOTOR &#8211; NOV 2024\" alt=\"ISTRUZIONI MONTAGGIO SCREEN WINCH PER SCHERMI FINO A 300 CM &#8211; NICE MOTOR &#8211; NOV 2024\" data-ext=\"pdf\"\/>\n         <span class=\"title\">ISTRUZIONI MONTAGGIO SCREEN WINCH PER SCHERMI FINO A 300 CM &#8211; NICE MOTOR &#8211; NOV 2024<\/span>\n      <\/a>\n   <\/div>\n\n<\/div>\n<\/div>\n<\/div><\/div><\/div><\/section>\n<\/div><\/div><div  class='hr av-av_hr-8c1d5a908a63b24f9edc040d1b3fa0a0 hr-full  avia-builder-el-10  el_after_av_one_full  el_before_av_one_full  hr-no-shadow'><span class='hr-inner '><span class=\"hr-inner-style\"><\/span><\/span><\/div><\/p>\n\n<style type=\"text\/css\" data-created_by=\"avia_inline_auto\" id=\"style-css-av-av_one_full-6126cab7d8fab8d08143dd2dacdf673c\">\n.flex_column.av-av_one_full-6126cab7d8fab8d08143dd2dacdf673c{\nborder-radius:0px 0px 0px 0px;\npadding:0px 0px 0px 0px;\n}\n<\/style>\n<div  class='flex_column av-av_one_full-6126cab7d8fab8d08143dd2dacdf673c av_one_full  avia-builder-el-11  el_after_av_hr  el_before_av_hr  first flex_column_div av-zero-column-padding  '     ><style type=\"text\/css\" data-created_by=\"avia_inline_auto\" id=\"style-css-av-k9sj491a-ae84a1af87a4091739ddb1479cc8aea2\">\n#top .av_textblock_section.av-k9sj491a-ae84a1af87a4091739ddb1479cc8aea2 .avia_textblock{\nfont-size:10px;\n}\n<\/style>\n<section  class='av_textblock_section av-k9sj491a-ae84a1af87a4091739ddb1479cc8aea2 '   itemscope=\"itemscope\" itemtype=\"https:\/\/schema.org\/CreativeWork\" ><div class='avia_textblock'  itemprop=\"text\" ><p style=\"text-align: center;\"><span style=\"font-size: 12pt;\"><strong>\u2022 POTENZA MOTORE<\/strong><\/span><\/p>\n<p style=\"text-align: center;\"><span style=\"font-size: 12pt;\">80 Nm<\/span><\/p>\n<p style=\"text-align: center;\"><span style=\"font-size: 12pt;\"><strong>\u2022 VELOCITA\u2019 MOTORE<\/strong><\/span><\/p>\n<p style=\"text-align: center;\"><span style=\"font-size: 12pt;\">12 rpm<\/span><\/p>\n<p style=\"text-align: center;\"><span style=\"font-size: 12pt;\"><strong>\u2022 INPUT<\/strong><\/span><\/p>\n<p style=\"text-align: center;\"><span style=\"font-size: 12pt;\">230V \/ 50 HZ<\/span><\/p>\n<p style=\"text-align: center;\"><span style=\"font-size: 12pt;\"><strong>\u2022 CONSUMO<\/strong><\/span><\/p>\n<p style=\"text-align: center;\"><span style=\"font-size: 12pt;\">360 W<\/span><\/p>\n<p style=\"text-align: center;\"><span style=\"font-size: 12pt;\"><strong>\u2022 VELOCITA\u2019 SVOLGIMENTO SCREEN WINCH SYSTEM<\/strong><\/span><\/p>\n<p style=\"text-align: center;\"><span style=\"font-size: 12pt;\">19 sec\/metro<\/span><\/p>\n<p style=\"text-align: center;\"><span style=\"font-size: 12pt;\"><strong>\u2022 DIMENSIONI CASSONETTO DELLO SCREN WINCH<\/strong><\/span><\/p>\n<p style=\"text-align: center;\"><span style=\"font-size: 12pt;\">\u00a02060x200x170 mm. (LxPxH in cm.)<\/span><\/p>\n<p style=\"text-align: center;\"><span style=\"font-size: 12pt;\"><strong>\u2022 PESO NETTO SCREEN WINCH SYSTEM<\/strong><\/span><\/p>\n<p style=\"text-align: center;\"><span style=\"font-size: 12pt;\">40 kg<\/span><\/p>\n<p style=\"text-align: center;\"><span style=\"font-size: 12pt;\"><strong>\u2022 MASSIMO CARICO ANCORABILE<\/strong><\/span><\/p>\n<p style=\"text-align: center;\"><span style=\"font-size: 12pt;\">60 kg<\/span><\/p>\n<p style=\"text-align: center;\"><strong><span style=\"font-size: 12pt;\">\u2022 MECCANISMO DI SICUREZZA E RACCOGLICAVO IN DOTAZIONE<\/span><\/strong><\/p>\n<p style=\"text-align: center;\"><span style=\"font-size: 12pt;\"><strong>\u2022 SCREEN WINCH SYSTEM + SCHERMO IN POSIZIONE CHIUSA<\/strong><\/span><\/p>\n<p style=\"text-align: center;\"><span style=\"font-size: 12pt;\">ingombro minimo in altezza 35 cm.<\/span><\/p>\n<\/div><\/section><\/div>\n<div  class='hr av-av_hr-8c1d5a908a63b24f9edc040d1b3fa0a0 hr-full  avia-builder-el-13  el_after_av_one_full  avia-builder-el-last  hr-no-shadow'><span class='hr-inner '><span class=\"hr-inner-style\"><\/span><\/span><\/div>\n","protected":false},"excerpt":{"rendered":"","protected":false},"featured_media":5580,"comment_status":"closed","ping_status":"closed","template":"","meta":[],"product_brand":[],"product_cat":[86],"product_tag":[],"class_list":{"0":"post-5920","1":"product","2":"type-product","3":"status-publish","4":"has-post-thumbnail","6":"product_cat-elevatori-motorizzati-per-videoproiettori","8":"first","9":"outofstock","10":"shipping-taxable","11":"product-type-variable"},"yoast_head":"<!-- This site is optimized with the Yoast SEO plugin v27.2 - https:\/\/yoast.com\/product\/yoast-seo-wordpress\/ -->\n<title>Screen winch system per schermi fino a 300 cm - Screenint high quality projection screens<\/title>\n<meta name=\"robots\" content=\"index, follow, max-snippet:-1, max-image-preview:large, max-video-preview:-1\" \/>\n<link rel=\"canonical\" href=\"https:\/\/www.screenint.com\/it\/all-products\/screen-winch-system-per-schermi-fino-a-300-cm\/\" \/>\n<meta property=\"og:locale\" content=\"it_IT\" \/>\n<meta property=\"og:type\" content=\"article\" \/>\n<meta property=\"og:title\" content=\"Screen winch system per schermi fino a 300 cm - Screenint high quality projection screens\" \/>\n<meta property=\"og:url\" content=\"https:\/\/www.screenint.com\/it\/all-products\/screen-winch-system-per-schermi-fino-a-300-cm\/\" \/>\n<meta property=\"og:site_name\" content=\"Screenint high quality projection screens\" \/>\n<meta property=\"article:modified_time\" content=\"2025-01-21T11:31:32+00:00\" \/>\n<meta property=\"og:image\" content=\"https:\/\/www.screenint.com\/wp-content\/uploads\/2017\/01\/miniatura-2.png\" \/>\n\t<meta property=\"og:image:width\" content=\"150\" \/>\n\t<meta property=\"og:image:height\" content=\"149\" \/>\n\t<meta property=\"og:image:type\" content=\"image\/png\" \/>\n<meta name=\"twitter:card\" content=\"summary_large_image\" \/>\n<meta name=\"twitter:label1\" content=\"Tempo di lettura stimato\" \/>\n\t<meta name=\"twitter:data1\" content=\"2 minuti\" \/>\n<script type=\"application\/ld+json\" class=\"yoast-schema-graph\">{\"@context\":\"https:\/\/schema.org\",\"@graph\":[{\"@type\":\"WebPage\",\"@id\":\"https:\/\/www.screenint.com\/it\/all-products\/screen-winch-system-per-schermi-fino-a-300-cm\/\",\"url\":\"https:\/\/www.screenint.com\/it\/all-products\/screen-winch-system-per-schermi-fino-a-300-cm\/\",\"name\":\"Screen winch system per schermi fino a 300 cm - Screenint high quality projection screens\",\"isPartOf\":{\"@id\":\"https:\/\/www.screenint.com\/#website\"},\"primaryImageOfPage\":{\"@id\":\"https:\/\/www.screenint.com\/it\/all-products\/screen-winch-system-per-schermi-fino-a-300-cm\/#primaryimage\"},\"image\":{\"@id\":\"https:\/\/www.screenint.com\/it\/all-products\/screen-winch-system-per-schermi-fino-a-300-cm\/#primaryimage\"},\"thumbnailUrl\":\"https:\/\/www.screenint.com\/wp-content\/uploads\/2017\/01\/miniatura-2.png\",\"datePublished\":\"2017-05-24T13:31:41+00:00\",\"dateModified\":\"2025-01-21T11:31:32+00:00\",\"breadcrumb\":{\"@id\":\"https:\/\/www.screenint.com\/it\/all-products\/screen-winch-system-per-schermi-fino-a-300-cm\/#breadcrumb\"},\"inLanguage\":\"it-IT\",\"potentialAction\":[{\"@type\":\"ReadAction\",\"target\":[\"https:\/\/www.screenint.com\/it\/all-products\/screen-winch-system-per-schermi-fino-a-300-cm\/\"]}]},{\"@type\":\"ImageObject\",\"inLanguage\":\"it-IT\",\"@id\":\"https:\/\/www.screenint.com\/it\/all-products\/screen-winch-system-per-schermi-fino-a-300-cm\/#primaryimage\",\"url\":\"https:\/\/www.screenint.com\/wp-content\/uploads\/2017\/01\/miniatura-2.png\",\"contentUrl\":\"https:\/\/www.screenint.com\/wp-content\/uploads\/2017\/01\/miniatura-2.png\",\"width\":150,\"height\":149},{\"@type\":\"BreadcrumbList\",\"@id\":\"https:\/\/www.screenint.com\/it\/all-products\/screen-winch-system-per-schermi-fino-a-300-cm\/#breadcrumb\",\"itemListElement\":[{\"@type\":\"ListItem\",\"position\":1,\"name\":\"Home\",\"item\":\"https:\/\/www.screenint.com\/it\/homepage\/\"},{\"@type\":\"ListItem\",\"position\":2,\"name\":\"Products\",\"item\":\"https:\/\/www.screenint.com\/shop\/\"},{\"@type\":\"ListItem\",\"position\":3,\"name\":\"Screen winch system per schermi fino a 300 cm\"}]},{\"@type\":\"WebSite\",\"@id\":\"https:\/\/www.screenint.com\/#website\",\"url\":\"https:\/\/www.screenint.com\/\",\"name\":\"Screenint high quality projection screens\",\"description\":\"Screens with very high quality, standard and custom sizes\",\"publisher\":{\"@id\":\"https:\/\/www.screenint.com\/#organization\"},\"potentialAction\":[{\"@type\":\"SearchAction\",\"target\":{\"@type\":\"EntryPoint\",\"urlTemplate\":\"https:\/\/www.screenint.com\/?s={search_term_string}\"},\"query-input\":{\"@type\":\"PropertyValueSpecification\",\"valueRequired\":true,\"valueName\":\"search_term_string\"}}],\"inLanguage\":\"it-IT\"},{\"@type\":\"Organization\",\"@id\":\"https:\/\/www.screenint.com\/#organization\",\"name\":\"Screenint high quality projection screens\",\"url\":\"https:\/\/www.screenint.com\/\",\"logo\":{\"@type\":\"ImageObject\",\"inLanguage\":\"it-IT\",\"@id\":\"https:\/\/www.screenint.com\/#\/schema\/logo\/image\/\",\"url\":\"https:\/\/www.screenint.com\/wp-content\/uploads\/2021\/11\/logo_screenint_2017-1.png\",\"contentUrl\":\"https:\/\/www.screenint.com\/wp-content\/uploads\/2021\/11\/logo_screenint_2017-1.png\",\"width\":159,\"height\":61,\"caption\":\"Screenint high quality projection screens\"},\"image\":{\"@id\":\"https:\/\/www.screenint.com\/#\/schema\/logo\/image\/\"}}]}<\/script>\n<!-- \/ Yoast SEO plugin. -->","yoast_head_json":{"title":"Screen winch system per schermi fino a 300 cm - Screenint high quality projection screens","robots":{"index":"index","follow":"follow","max-snippet":"max-snippet:-1","max-image-preview":"max-image-preview:large","max-video-preview":"max-video-preview:-1"},"canonical":"https:\/\/www.screenint.com\/it\/all-products\/screen-winch-system-per-schermi-fino-a-300-cm\/","og_locale":"it_IT","og_type":"article","og_title":"Screen winch system per schermi fino a 300 cm - Screenint high quality projection screens","og_url":"https:\/\/www.screenint.com\/it\/all-products\/screen-winch-system-per-schermi-fino-a-300-cm\/","og_site_name":"Screenint high quality projection screens","article_modified_time":"2025-01-21T11:31:32+00:00","og_image":[{"width":150,"height":149,"url":"https:\/\/www.screenint.com\/wp-content\/uploads\/2017\/01\/miniatura-2.png","type":"image\/png"}],"twitter_card":"summary_large_image","twitter_misc":{"Tempo di lettura stimato":"2 minuti"},"schema":{"@context":"https:\/\/schema.org","@graph":[{"@type":"WebPage","@id":"https:\/\/www.screenint.com\/it\/all-products\/screen-winch-system-per-schermi-fino-a-300-cm\/","url":"https:\/\/www.screenint.com\/it\/all-products\/screen-winch-system-per-schermi-fino-a-300-cm\/","name":"Screen winch system per schermi fino a 300 cm - Screenint high quality projection screens","isPartOf":{"@id":"https:\/\/www.screenint.com\/#website"},"primaryImageOfPage":{"@id":"https:\/\/www.screenint.com\/it\/all-products\/screen-winch-system-per-schermi-fino-a-300-cm\/#primaryimage"},"image":{"@id":"https:\/\/www.screenint.com\/it\/all-products\/screen-winch-system-per-schermi-fino-a-300-cm\/#primaryimage"},"thumbnailUrl":"https:\/\/www.screenint.com\/wp-content\/uploads\/2017\/01\/miniatura-2.png","datePublished":"2017-05-24T13:31:41+00:00","dateModified":"2025-01-21T11:31:32+00:00","breadcrumb":{"@id":"https:\/\/www.screenint.com\/it\/all-products\/screen-winch-system-per-schermi-fino-a-300-cm\/#breadcrumb"},"inLanguage":"it-IT","potentialAction":[{"@type":"ReadAction","target":["https:\/\/www.screenint.com\/it\/all-products\/screen-winch-system-per-schermi-fino-a-300-cm\/"]}]},{"@type":"ImageObject","inLanguage":"it-IT","@id":"https:\/\/www.screenint.com\/it\/all-products\/screen-winch-system-per-schermi-fino-a-300-cm\/#primaryimage","url":"https:\/\/www.screenint.com\/wp-content\/uploads\/2017\/01\/miniatura-2.png","contentUrl":"https:\/\/www.screenint.com\/wp-content\/uploads\/2017\/01\/miniatura-2.png","width":150,"height":149},{"@type":"BreadcrumbList","@id":"https:\/\/www.screenint.com\/it\/all-products\/screen-winch-system-per-schermi-fino-a-300-cm\/#breadcrumb","itemListElement":[{"@type":"ListItem","position":1,"name":"Home","item":"https:\/\/www.screenint.com\/it\/homepage\/"},{"@type":"ListItem","position":2,"name":"Products","item":"https:\/\/www.screenint.com\/shop\/"},{"@type":"ListItem","position":3,"name":"Screen winch system per schermi fino a 300 cm"}]},{"@type":"WebSite","@id":"https:\/\/www.screenint.com\/#website","url":"https:\/\/www.screenint.com\/","name":"Screenint high quality projection screens","description":"Screens with very high quality, standard and custom sizes","publisher":{"@id":"https:\/\/www.screenint.com\/#organization"},"potentialAction":[{"@type":"SearchAction","target":{"@type":"EntryPoint","urlTemplate":"https:\/\/www.screenint.com\/?s={search_term_string}"},"query-input":{"@type":"PropertyValueSpecification","valueRequired":true,"valueName":"search_term_string"}}],"inLanguage":"it-IT"},{"@type":"Organization","@id":"https:\/\/www.screenint.com\/#organization","name":"Screenint high quality projection screens","url":"https:\/\/www.screenint.com\/","logo":{"@type":"ImageObject","inLanguage":"it-IT","@id":"https:\/\/www.screenint.com\/#\/schema\/logo\/image\/","url":"https:\/\/www.screenint.com\/wp-content\/uploads\/2021\/11\/logo_screenint_2017-1.png","contentUrl":"https:\/\/www.screenint.com\/wp-content\/uploads\/2021\/11\/logo_screenint_2017-1.png","width":159,"height":61,"caption":"Screenint high quality projection screens"},"image":{"@id":"https:\/\/www.screenint.com\/#\/schema\/logo\/image\/"}}]}},"_links":{"self":[{"href":"https:\/\/www.screenint.com\/it\/wp-json\/wp\/v2\/product\/5920","targetHints":{"allow":["GET"]}}],"collection":[{"href":"https:\/\/www.screenint.com\/it\/wp-json\/wp\/v2\/product"}],"about":[{"href":"https:\/\/www.screenint.com\/it\/wp-json\/wp\/v2\/types\/product"}],"replies":[{"embeddable":true,"href":"https:\/\/www.screenint.com\/it\/wp-json\/wp\/v2\/comments?post=5920"}],"wp:featuredmedia":[{"embeddable":true,"href":"https:\/\/www.screenint.com\/it\/wp-json\/wp\/v2\/media\/5580"}],"wp:attachment":[{"href":"https:\/\/www.screenint.com\/it\/wp-json\/wp\/v2\/media?parent=5920"}],"wp:term":[{"taxonomy":"product_brand","embeddable":true,"href":"https:\/\/www.screenint.com\/it\/wp-json\/wp\/v2\/product_brand?post=5920"},{"taxonomy":"product_cat","embeddable":true,"href":"https:\/\/www.screenint.com\/it\/wp-json\/wp\/v2\/product_cat?post=5920"},{"taxonomy":"product_tag","embeddable":true,"href":"https:\/\/www.screenint.com\/it\/wp-json\/wp\/v2\/product_tag?post=5920"}],"curies":[{"name":"wp","href":"https:\/\/api.w.org\/{rel}","templated":true}]}}