{"id":5164,"date":"2017-01-11T16:53:41","date_gmt":"2017-01-11T16:53:41","guid":{"rendered":"http:\/\/www.screenint.com\/?post_type=product&#038;p=5164&#038;lang=it"},"modified":"2022-12-28T23:26:01","modified_gmt":"2022-12-28T23:26:01","slug":"telecomando-multicanale-con-doppia-ricevente","status":"publish","type":"product","link":"https:\/\/www.screenint.com\/it\/all-products\/telecomando-multicanale-con-doppia-ricevente\/","title":{"rendered":"Telecomando RF multicanale con doppia ricevente"},"content":{"rendered":"<div id='layer_slider_1'  class='avia-layerslider main_color avia-shadow  avia-builder-el-0  el_before_av_one_half  avia-builder-el-first  container_wrap fullsize'  style='height: 151px; max-width: 1140px; margin: 0 auto;'  ><\/div><div id='after_layer_slider_1'  class='main_color av_default_container_wrap container_wrap fullsize'  ><div class='container av-section-cont-open' ><div class='template-page content  av-content-full alpha units'><div class='post-entry post-entry-type-page post-entry-5164'><div class='entry-content-wrapper clearfix'>\n\n<style type=\"text\/css\" data-created_by=\"avia_inline_auto\" id=\"style-css-av-av_one_half-6126cab7d8fab8d08143dd2dacdf673c\">\n.flex_column.av-av_one_half-6126cab7d8fab8d08143dd2dacdf673c{\nborder-radius:0px 0px 0px 0px;\npadding:0px 0px 0px 0px;\n}\n<\/style>\n<div  class='flex_column av-av_one_half-6126cab7d8fab8d08143dd2dacdf673c av_one_half  avia-builder-el-1  el_after_av_layerslider  el_before_av_one_half  avia-builder-el-first  first flex_column_div av-zero-column-padding  '     ><div  class='avia-slideshow av-k7bq8zkl-3baeb040375140185e5f56c0045ab8af avia-slideshow-featured av_slideshow avia-slide-slider  avia-builder-el-2  avia-builder-el-no-sibling  av-slideshow-ui av-control-default av-slideshow-manual av-loop-once av-loop-manual-endless av-default-height-applied avia-slideshow-1' data-slideshow-options=\"{&quot;animation&quot;:&quot;slide&quot;,&quot;autoplay&quot;:false,&quot;loop_autoplay&quot;:&quot;once&quot;,&quot;interval&quot;:5,&quot;loop_manual&quot;:&quot;manual-endless&quot;,&quot;autoplay_stopper&quot;:false,&quot;noNavigation&quot;:false,&quot;bg_slider&quot;:false,&quot;keep_padding&quot;:false,&quot;hoverpause&quot;:false,&quot;show_slide_delay&quot;:0}\"  itemprop=\"image\" itemscope=\"itemscope\" itemtype=\"https:\/\/schema.org\/ImageObject\" ><ul class='avia-slideshow-inner ' style='padding-bottom: 95.555555555556%;'><li  class='avia-slideshow-slide av-k7bq8zkl-3baeb040375140185e5f56c0045ab8af__0  av-single-slide slide-1 slide-odd'><div data-rel='slideshow-1' class='avia-slide-wrap '   ><img decoding=\"async\" fetchpriority=\"high\" class=\"wp-image-10307 avia-img-lazy-loading-not-10307\"  src=\"https:\/\/www.screenint.com\/wp-content\/uploads\/2017\/01\/AC-RF-Multi-450x430.png\" width=\"450\" height=\"430\" title='AC- RF Multi' alt=''  itemprop=\"thumbnailUrl\"   \/><\/div><\/li><\/ul><\/div><\/div>\n<style type=\"text\/css\" data-created_by=\"avia_inline_auto\" id=\"style-css-av-av_one_half-0aa7055fe62c3622faec82866afbaeb2\">\n.flex_column.av-av_one_half-0aa7055fe62c3622faec82866afbaeb2{\nborder-radius:0px 0px 0px 0px;\npadding:0px 0px 0px 0px;\n}\n<\/style>\n<div  class='flex_column av-av_one_half-0aa7055fe62c3622faec82866afbaeb2 av_one_half  avia-builder-el-3  el_after_av_one_half  el_before_av_hr  flex_column_div av-zero-column-padding  '     ><style type=\"text\/css\" data-created_by=\"avia_inline_auto\" id=\"style-css-av-k7c2s3yu-357741a8fd443fb3d0bddb5cd5a2d071\">\n#top .av_textblock_section.av-k7c2s3yu-357741a8fd443fb3d0bddb5cd5a2d071 .avia_textblock{\ncolor:#999999;\n}\n<\/style>\n<section  class='av_textblock_section av-k7c2s3yu-357741a8fd443fb3d0bddb5cd5a2d071 '   itemscope=\"itemscope\" itemtype=\"https:\/\/schema.org\/CreativeWork\" ><div class='avia_textblock av_inherit_color'  itemprop=\"text\" ><p style=\"text-align: left;\"><span class=\"Apple-style-span\" style=\"color: #1e9cde; font-size: xx-large;\"><span class=\"Apple-style-span\" style=\"line-height: 48px;\"><strong>TELECOMANDO MULTICANALE <\/strong><strong>CON DOPPIA RICEVENTE<\/strong><br \/>\n<\/span><\/span><\/p>\n<p>Il TELECOMANDO MULTICANALE a radio frequenza \u00e8 provvisto di 5 canali a cui \u00e8 possibile agganciare altrettanti prodotti che si desidera comandare. Viene fornito con due riceventi esterne di piccole dimensioni facilmente occultabili e collegabili a due apparecchi. Il telecomando \u00e8 in grado di pilotare i due prodotti sia in modalit\u00e0 contemporanea che in modalit\u00e0 separata l\u2019uno dall\u2019altro. L\u2019accessorio \u00e8 utilizzabile, ad esempio, con lo Screen Winch System ed il relativo schermo motorizzato oppure con gli elevatori motorizzati per videoproiettore ed il relativo schermo elettrico o in qualsiasi applicazione in cui si voglia utilizzare una sola trasmittente per azionare pi\u00f9 prodotti motorizzati. Il prodotto consente il funzionamento dell\u2019articolo a cui \u00e8 collegato sia tramite pulsante esterno (non fornito) sia tramite attuatore domotico.<\/p>\n<p><section  class='av_textblock_section av-av_textblock-41ffad917e94b84caba77a0632290d8a '   itemscope=\"itemscope\" itemtype=\"https:\/\/schema.org\/CreativeWork\" ><div class='avia_textblock'  itemprop=\"text\" ><\/div><\/section><br \/>\n<div  class='avia-button-wrap av-av_button-c2a66347b2354b8db321488541a31f62-wrap avia-button-left  avia-builder-el-6  avia-builder-el-no-sibling '><a href='mailto:info@screenint.com?subject=MULTICHANNEL RF REMOTE CONTROL WITH 2 EXTERNAL RECEIVERS-INFO'  class='avia-button av-av_button-c2a66347b2354b8db321488541a31f62 av-link-btn avia-icon_select-no avia-size-medium avia-position-left avia-color-theme-color'   aria-label=\"Richiedi informazioni\"><span class='avia_iconbox_title' >Richiedi informazioni<\/span><\/a><\/div><\/p>\n<\/div><\/section><\/div><\/p>\n<div  class='hr av-av_hr-8c1d5a908a63b24f9edc040d1b3fa0a0 hr-full  avia-builder-el-7  el_after_av_one_half  el_before_av_two_third  hr-no-shadow'><span class='hr-inner '><span class=\"hr-inner-style\"><\/span><\/span><\/div>\n\n<style type=\"text\/css\" data-created_by=\"avia_inline_auto\" id=\"style-css-av-av_two_third-6126cab7d8fab8d08143dd2dacdf673c\">\n.flex_column.av-av_two_third-6126cab7d8fab8d08143dd2dacdf673c{\nborder-radius:0px 0px 0px 0px;\npadding:0px 0px 0px 0px;\n}\n<\/style>\n<div  class='flex_column av-av_two_third-6126cab7d8fab8d08143dd2dacdf673c av_two_third  avia-builder-el-8  el_after_av_hr  el_before_av_one_third  first flex_column_div av-zero-column-padding  '     ><style type=\"text\/css\" data-created_by=\"avia_inline_auto\" id=\"style-css-av-k7c2rxhx-7f19964a529c6d81dda661b535739a4d\">\n#top .av_textblock_section.av-k7c2rxhx-7f19964a529c6d81dda661b535739a4d .avia_textblock{\nfont-size:10px;\n}\n<\/style>\n<section  class='av_textblock_section av-k7c2rxhx-7f19964a529c6d81dda661b535739a4d '   itemscope=\"itemscope\" itemtype=\"https:\/\/schema.org\/CreativeWork\" ><div class='avia_textblock'  itemprop=\"text\" ><p><span style=\"font-size: 12pt;\"><span class=\"s1\" style=\"font-size: 12pt;\">\u2022 <\/span>Alimentazione 3V mod. CR2032<\/span><\/p>\n<p><span style=\"font-size: 12pt;\"> <span class=\"s1\" style=\"font-size: 12pt;\">\u2022 <\/span>Autonomia minima batteria (anni) 2<\/span><\/p>\n<p><span style=\"font-size: 12pt;\"> <span class=\"s1\" style=\"font-size: 12pt;\">\u2022 <\/span>Frequenza 868,30 MHz<\/span><\/p>\n<p><span style=\"font-size: 12pt;\"> <span class=\"s1\" style=\"font-size: 12pt;\">\u2022 <\/span>Potenza irradiata 0,150 mW<\/span><\/p>\n<p><span style=\"font-size: 12pt;\"> <span class=\"s1\" style=\"font-size: 12pt;\">\u2022 <\/span>Grado di protezione IP40<\/span><\/p>\n<p><span style=\"font-size: 12pt;\"> <span class=\"s1\" style=\"font-size: 12pt;\">\u2022 <\/span>Raggio portata (int\/est) 20 m \/ 200 m<\/span><\/p>\n<p><span style=\"font-size: 12pt;\"> <span class=\"s1\" style=\"font-size: 12pt;\">\u2022 <\/span>Temperatura di funzionamento -5\u00b0C \/+40\u00b0C<\/span><\/p>\n<p><span style=\"font-size: 12pt;\"><span class=\"s1\" style=\"font-size: 12pt;\">\u2022 <\/span>Dimensioni trasmittente: 42x15x122 mm. &#8211; Peso 57 gr<\/span><\/p>\n<p><span style=\"font-size: 12pt;\"><span class=\"s1\" style=\"font-size: 12pt;\">\u2022 <\/span>Dimensioni ricevitore esterno: 52x27x136 mm. &#8211; Peso 160 gr<\/span><\/p>\n<\/div><\/section><\/div>\n\n<style type=\"text\/css\" data-created_by=\"avia_inline_auto\" id=\"style-css-av-av_one_third-0aa7055fe62c3622faec82866afbaeb2\">\n.flex_column.av-av_one_third-0aa7055fe62c3622faec82866afbaeb2{\nborder-radius:0px 0px 0px 0px;\npadding:0px 0px 0px 0px;\n}\n<\/style>\n<div  class='flex_column av-av_one_third-0aa7055fe62c3622faec82866afbaeb2 av_one_third  avia-builder-el-10  el_after_av_two_third  avia-builder-el-last  flex_column_div av-zero-column-padding  '     ><div  class='togglecontainer av-k7brx8y9-8df2ec696962a0c702b130c07e7a0067  avia-builder-el-11  avia-builder-el-no-sibling  toggle_close_all' >\n<section class='av_toggle_section av-av_toggle-8a942c2dd8eb995f2c31f78dce4cdd92'  itemscope=\"itemscope\" itemtype=\"https:\/\/schema.org\/CreativeWork\" ><div role=\"tablist\" class=\"single_toggle\" data-tags=\"{Tutto} \"  ><p id='toggle-toggle-id-1' data-fake-id='#toggle-id-1' class='toggler  av-title-above '  itemprop=\"headline\"  role='tab' tabindex='0' aria-controls='toggle-id-1' data-slide-speed=\"200\" data-title=\"SCHEDA TECNICA\" data-title-open=\"\" data-aria_collapsed=\"Clicca per espandere: SCHEDA TECNICA\" data-aria_expanded=\"Fare clic per chiudere: SCHEDA TECNICA\">SCHEDA TECNICA<span class=\"toggle_icon\"><span class=\"vert_icon\"><\/span><span class=\"hor_icon\"><\/span><\/span><\/p><div id='toggle-id-1' aria-labelledby='toggle-toggle-id-1' role='region' class='toggle_wrap  av-title-above'  ><div class='toggle_content invers-color '  itemprop=\"text\" >\n<!-- Generated using Document Gallery. Get yours here: http:\/\/wordpress.org\/extend\/plugins\/document-gallery -->\n<div id=\"document-gallery-1\" class=\"document-gallery\" data-shortcode='{\"id\":5164,\"include\":\"8818\",\"exclude\":\"\",\"attachment_pg\":false,\"columns\":4,\"descriptions\":false,\"fancy\":true,\"limit\":-1,\"mime_types\":\"application,video,text,audio,image\",\"new_window\":true,\"order\":\"ASC\",\"orderby\":\"post__in\",\"paginate\":true,\"post_status\":\"any\",\"post_type\":\"attachment\",\"relation\":\"AND\",\"skip\":0}' style='--dg-icon-width: 24%'>\n<div class='document-icon-row'>\n   <div class=\"document-icon\">\n      <a href=\"https:\/\/www.screenint.com\/wp-content\/uploads\/2017\/01\/ST-Multi-ITA-2020_04_16.pdf\" target=\"_blank\">\n         <img decoding=\"async\" src=\"https:\/\/www.screenint.com\/wp-content\/uploads\/2017\/01\/ST-Multi-ITA-2020_04_16-thumb.png\" title=\"ST-Multi ITA 2020_04_16\" alt=\"ST-Multi ITA 2020_04_16\" data-ext=\"pdf\"\/>\n         <span class=\"title\">ST-Multi ITA 2020_04_16<\/span>\n      <\/a>\n   <\/div>\n\n<\/div>\n<\/div>\n<\/div><\/div><\/div><\/section>\n<section class='av_toggle_section av-av_toggle-b40a6c251fdc75411f9b2ef0e7e81049'  itemscope=\"itemscope\" itemtype=\"https:\/\/schema.org\/CreativeWork\" ><div role=\"tablist\" class=\"single_toggle\" data-tags=\"{Tutto} \"  ><p id='toggle-toggle-id-2' data-fake-id='#toggle-id-2' class='toggler  av-title-above '  itemprop=\"headline\"  role='tab' tabindex='0' aria-controls='toggle-id-2' data-slide-speed=\"200\" data-title=\"ISTRUZIONI DI MONTAGGIO\" data-title-open=\"\" data-aria_collapsed=\"Clicca per espandere: ISTRUZIONI DI MONTAGGIO\" data-aria_expanded=\"Fare clic per chiudere: ISTRUZIONI DI MONTAGGIO\">ISTRUZIONI DI MONTAGGIO<span class=\"toggle_icon\"><span class=\"vert_icon\"><\/span><span class=\"hor_icon\"><\/span><\/span><\/p><div id='toggle-id-2' aria-labelledby='toggle-toggle-id-2' role='region' class='toggle_wrap  av-title-above'  ><div class='toggle_content invers-color '  itemprop=\"text\" >\n<!-- Generated using Document Gallery. Get yours here: http:\/\/wordpress.org\/extend\/plugins\/document-gallery -->\n<div id=\"document-gallery-2\" class=\"document-gallery\" data-shortcode='{\"id\":5164,\"include\":\"5722,8696\",\"exclude\":\"\",\"attachment_pg\":false,\"columns\":4,\"descriptions\":false,\"fancy\":true,\"limit\":-1,\"mime_types\":\"application,video,text,audio,image\",\"new_window\":true,\"order\":\"ASC\",\"orderby\":\"post__in\",\"paginate\":true,\"post_status\":\"any\",\"post_type\":\"attachment\",\"relation\":\"AND\",\"skip\":0}' style='--dg-icon-width: 24%'>\n<div class='document-icon-row'>\n   <div class=\"document-icon\">\n      <a href=\"https:\/\/www.screenint.com\/wp-content\/uploads\/2017\/05\/ISTRUZIONI-DI-MONTAGGIO-TELECOMANDO-CON-RICEVITORE-ESTERNO.pdf\" target=\"_blank\">\n         <img decoding=\"async\" src=\"https:\/\/www.screenint.com\/wp-content\/uploads\/2017\/05\/ISTRUZIONI-DI-MONTAGGIO-TELECOMANDO-CON-RICEVITORE-ESTERNO-thumb.png\" title=\"ISTRUZIONI DI MONTAGGIO TELECOMANDO CON RICEVITORE ESTERNO\" alt=\"ISTRUZIONI DI MONTAGGIO TELECOMANDO CON RICEVITORE ESTERNO\" data-ext=\"pdf\"\/>\n         <span class=\"title\">ISTRUZIONI DI MONTAGGIO TELECOMANDO CON RICEVITORE ESTERNO<\/span>\n      <\/a>\n   <\/div>\n   <div class=\"document-icon\">\n      <a href=\"https:\/\/www.screenint.com\/wp-content\/uploads\/2017\/01\/MUM-Trasmettitori-Emitto.pdf\" target=\"_blank\">\n         <img decoding=\"async\" src=\"https:\/\/www.screenint.com\/wp-content\/uploads\/2017\/01\/MUM-Trasmettitori-Emitto-thumb-1.png\" title=\"MUM-Gaposa Emitto Smart Line\" alt=\"MUM-Gaposa Emitto Smart Line\" data-ext=\"pdf\"\/>\n         <span class=\"title\">MUM-Gaposa Emitto Smart Line<\/span>\n      <\/a>\n   <\/div>\n\n<\/div>\n<\/div>\n<\/div><\/div><\/div><\/section>\n<\/div><\/div>\n","protected":false},"excerpt":{"rendered":"","protected":false},"featured_media":10307,"comment_status":"closed","ping_status":"closed","template":"","meta":[],"product_brand":[],"product_cat":[85],"product_tag":[],"class_list":{"0":"post-5164","1":"product","2":"type-product","3":"status-publish","4":"has-post-thumbnail","6":"product_cat-accessori-it","8":"first","9":"outofstock","10":"shipping-taxable","11":"product-type-variable"},"yoast_head":"<!-- This site is optimized with the Yoast SEO plugin v27.2 - https:\/\/yoast.com\/product\/yoast-seo-wordpress\/ -->\n<title>Telecomando RF multicanale con doppia ricevente - Screenint high quality projection screens<\/title>\n<meta name=\"robots\" content=\"index, follow, max-snippet:-1, max-image-preview:large, max-video-preview:-1\" \/>\n<link rel=\"canonical\" href=\"https:\/\/www.screenint.com\/it\/all-products\/telecomando-multicanale-con-doppia-ricevente\/\" \/>\n<meta property=\"og:locale\" content=\"it_IT\" \/>\n<meta property=\"og:type\" content=\"article\" \/>\n<meta property=\"og:title\" content=\"Telecomando RF multicanale con doppia ricevente - Screenint high quality projection screens\" \/>\n<meta property=\"og:url\" content=\"https:\/\/www.screenint.com\/it\/all-products\/telecomando-multicanale-con-doppia-ricevente\/\" \/>\n<meta property=\"og:site_name\" content=\"Screenint high quality projection screens\" \/>\n<meta property=\"article:modified_time\" content=\"2022-12-28T23:26:01+00:00\" \/>\n<meta property=\"og:image\" content=\"https:\/\/www.screenint.com\/wp-content\/uploads\/2017\/01\/AC-RF-Multi.png\" \/>\n\t<meta property=\"og:image:width\" content=\"450\" \/>\n\t<meta property=\"og:image:height\" content=\"450\" \/>\n\t<meta property=\"og:image:type\" content=\"image\/png\" \/>\n<meta name=\"twitter:card\" content=\"summary_large_image\" \/>\n<meta name=\"twitter:label1\" content=\"Tempo di lettura stimato\" \/>\n\t<meta name=\"twitter:data1\" content=\"3 minuti\" \/>\n<script type=\"application\/ld+json\" class=\"yoast-schema-graph\">{\"@context\":\"https:\/\/schema.org\",\"@graph\":[{\"@type\":\"WebPage\",\"@id\":\"https:\/\/www.screenint.com\/it\/all-products\/telecomando-multicanale-con-doppia-ricevente\/\",\"url\":\"https:\/\/www.screenint.com\/it\/all-products\/telecomando-multicanale-con-doppia-ricevente\/\",\"name\":\"Telecomando RF multicanale con doppia ricevente - Screenint high quality projection screens\",\"isPartOf\":{\"@id\":\"https:\/\/www.screenint.com\/#website\"},\"primaryImageOfPage\":{\"@id\":\"https:\/\/www.screenint.com\/it\/all-products\/telecomando-multicanale-con-doppia-ricevente\/#primaryimage\"},\"image\":{\"@id\":\"https:\/\/www.screenint.com\/it\/all-products\/telecomando-multicanale-con-doppia-ricevente\/#primaryimage\"},\"thumbnailUrl\":\"https:\/\/www.screenint.com\/wp-content\/uploads\/2017\/01\/AC-RF-Multi.png\",\"datePublished\":\"2017-01-11T16:53:41+00:00\",\"dateModified\":\"2022-12-28T23:26:01+00:00\",\"breadcrumb\":{\"@id\":\"https:\/\/www.screenint.com\/it\/all-products\/telecomando-multicanale-con-doppia-ricevente\/#breadcrumb\"},\"inLanguage\":\"it-IT\",\"potentialAction\":[{\"@type\":\"ReadAction\",\"target\":[\"https:\/\/www.screenint.com\/it\/all-products\/telecomando-multicanale-con-doppia-ricevente\/\"]}]},{\"@type\":\"ImageObject\",\"inLanguage\":\"it-IT\",\"@id\":\"https:\/\/www.screenint.com\/it\/all-products\/telecomando-multicanale-con-doppia-ricevente\/#primaryimage\",\"url\":\"https:\/\/www.screenint.com\/wp-content\/uploads\/2017\/01\/AC-RF-Multi.png\",\"contentUrl\":\"https:\/\/www.screenint.com\/wp-content\/uploads\/2017\/01\/AC-RF-Multi.png\",\"width\":450,\"height\":450},{\"@type\":\"BreadcrumbList\",\"@id\":\"https:\/\/www.screenint.com\/it\/all-products\/telecomando-multicanale-con-doppia-ricevente\/#breadcrumb\",\"itemListElement\":[{\"@type\":\"ListItem\",\"position\":1,\"name\":\"Home\",\"item\":\"https:\/\/www.screenint.com\/it\/homepage\/\"},{\"@type\":\"ListItem\",\"position\":2,\"name\":\"Products\",\"item\":\"https:\/\/www.screenint.com\/shop\/\"},{\"@type\":\"ListItem\",\"position\":3,\"name\":\"Telecomando RF multicanale con doppia ricevente\"}]},{\"@type\":\"WebSite\",\"@id\":\"https:\/\/www.screenint.com\/#website\",\"url\":\"https:\/\/www.screenint.com\/\",\"name\":\"Screenint high quality projection screens\",\"description\":\"Screens with very high quality, standard and custom sizes\",\"publisher\":{\"@id\":\"https:\/\/www.screenint.com\/#organization\"},\"potentialAction\":[{\"@type\":\"SearchAction\",\"target\":{\"@type\":\"EntryPoint\",\"urlTemplate\":\"https:\/\/www.screenint.com\/?s={search_term_string}\"},\"query-input\":{\"@type\":\"PropertyValueSpecification\",\"valueRequired\":true,\"valueName\":\"search_term_string\"}}],\"inLanguage\":\"it-IT\"},{\"@type\":\"Organization\",\"@id\":\"https:\/\/www.screenint.com\/#organization\",\"name\":\"Screenint high quality projection screens\",\"url\":\"https:\/\/www.screenint.com\/\",\"logo\":{\"@type\":\"ImageObject\",\"inLanguage\":\"it-IT\",\"@id\":\"https:\/\/www.screenint.com\/#\/schema\/logo\/image\/\",\"url\":\"https:\/\/www.screenint.com\/wp-content\/uploads\/2021\/11\/logo_screenint_2017-1.png\",\"contentUrl\":\"https:\/\/www.screenint.com\/wp-content\/uploads\/2021\/11\/logo_screenint_2017-1.png\",\"width\":159,\"height\":61,\"caption\":\"Screenint high quality projection screens\"},\"image\":{\"@id\":\"https:\/\/www.screenint.com\/#\/schema\/logo\/image\/\"}}]}<\/script>\n<!-- \/ Yoast SEO plugin. -->","yoast_head_json":{"title":"Telecomando RF multicanale con doppia ricevente - Screenint high quality projection screens","robots":{"index":"index","follow":"follow","max-snippet":"max-snippet:-1","max-image-preview":"max-image-preview:large","max-video-preview":"max-video-preview:-1"},"canonical":"https:\/\/www.screenint.com\/it\/all-products\/telecomando-multicanale-con-doppia-ricevente\/","og_locale":"it_IT","og_type":"article","og_title":"Telecomando RF multicanale con doppia ricevente - Screenint high quality projection screens","og_url":"https:\/\/www.screenint.com\/it\/all-products\/telecomando-multicanale-con-doppia-ricevente\/","og_site_name":"Screenint high quality projection screens","article_modified_time":"2022-12-28T23:26:01+00:00","og_image":[{"width":450,"height":450,"url":"https:\/\/www.screenint.com\/wp-content\/uploads\/2017\/01\/AC-RF-Multi.png","type":"image\/png"}],"twitter_card":"summary_large_image","twitter_misc":{"Tempo di lettura stimato":"3 minuti"},"schema":{"@context":"https:\/\/schema.org","@graph":[{"@type":"WebPage","@id":"https:\/\/www.screenint.com\/it\/all-products\/telecomando-multicanale-con-doppia-ricevente\/","url":"https:\/\/www.screenint.com\/it\/all-products\/telecomando-multicanale-con-doppia-ricevente\/","name":"Telecomando RF multicanale con doppia ricevente - Screenint high quality projection screens","isPartOf":{"@id":"https:\/\/www.screenint.com\/#website"},"primaryImageOfPage":{"@id":"https:\/\/www.screenint.com\/it\/all-products\/telecomando-multicanale-con-doppia-ricevente\/#primaryimage"},"image":{"@id":"https:\/\/www.screenint.com\/it\/all-products\/telecomando-multicanale-con-doppia-ricevente\/#primaryimage"},"thumbnailUrl":"https:\/\/www.screenint.com\/wp-content\/uploads\/2017\/01\/AC-RF-Multi.png","datePublished":"2017-01-11T16:53:41+00:00","dateModified":"2022-12-28T23:26:01+00:00","breadcrumb":{"@id":"https:\/\/www.screenint.com\/it\/all-products\/telecomando-multicanale-con-doppia-ricevente\/#breadcrumb"},"inLanguage":"it-IT","potentialAction":[{"@type":"ReadAction","target":["https:\/\/www.screenint.com\/it\/all-products\/telecomando-multicanale-con-doppia-ricevente\/"]}]},{"@type":"ImageObject","inLanguage":"it-IT","@id":"https:\/\/www.screenint.com\/it\/all-products\/telecomando-multicanale-con-doppia-ricevente\/#primaryimage","url":"https:\/\/www.screenint.com\/wp-content\/uploads\/2017\/01\/AC-RF-Multi.png","contentUrl":"https:\/\/www.screenint.com\/wp-content\/uploads\/2017\/01\/AC-RF-Multi.png","width":450,"height":450},{"@type":"BreadcrumbList","@id":"https:\/\/www.screenint.com\/it\/all-products\/telecomando-multicanale-con-doppia-ricevente\/#breadcrumb","itemListElement":[{"@type":"ListItem","position":1,"name":"Home","item":"https:\/\/www.screenint.com\/it\/homepage\/"},{"@type":"ListItem","position":2,"name":"Products","item":"https:\/\/www.screenint.com\/shop\/"},{"@type":"ListItem","position":3,"name":"Telecomando RF multicanale con doppia ricevente"}]},{"@type":"WebSite","@id":"https:\/\/www.screenint.com\/#website","url":"https:\/\/www.screenint.com\/","name":"Screenint high quality projection screens","description":"Screens with very high quality, standard and custom sizes","publisher":{"@id":"https:\/\/www.screenint.com\/#organization"},"potentialAction":[{"@type":"SearchAction","target":{"@type":"EntryPoint","urlTemplate":"https:\/\/www.screenint.com\/?s={search_term_string}"},"query-input":{"@type":"PropertyValueSpecification","valueRequired":true,"valueName":"search_term_string"}}],"inLanguage":"it-IT"},{"@type":"Organization","@id":"https:\/\/www.screenint.com\/#organization","name":"Screenint high quality projection screens","url":"https:\/\/www.screenint.com\/","logo":{"@type":"ImageObject","inLanguage":"it-IT","@id":"https:\/\/www.screenint.com\/#\/schema\/logo\/image\/","url":"https:\/\/www.screenint.com\/wp-content\/uploads\/2021\/11\/logo_screenint_2017-1.png","contentUrl":"https:\/\/www.screenint.com\/wp-content\/uploads\/2021\/11\/logo_screenint_2017-1.png","width":159,"height":61,"caption":"Screenint high quality projection screens"},"image":{"@id":"https:\/\/www.screenint.com\/#\/schema\/logo\/image\/"}}]}},"_links":{"self":[{"href":"https:\/\/www.screenint.com\/it\/wp-json\/wp\/v2\/product\/5164","targetHints":{"allow":["GET"]}}],"collection":[{"href":"https:\/\/www.screenint.com\/it\/wp-json\/wp\/v2\/product"}],"about":[{"href":"https:\/\/www.screenint.com\/it\/wp-json\/wp\/v2\/types\/product"}],"replies":[{"embeddable":true,"href":"https:\/\/www.screenint.com\/it\/wp-json\/wp\/v2\/comments?post=5164"}],"wp:featuredmedia":[{"embeddable":true,"href":"https:\/\/www.screenint.com\/it\/wp-json\/wp\/v2\/media\/10307"}],"wp:attachment":[{"href":"https:\/\/www.screenint.com\/it\/wp-json\/wp\/v2\/media?parent=5164"}],"wp:term":[{"taxonomy":"product_brand","embeddable":true,"href":"https:\/\/www.screenint.com\/it\/wp-json\/wp\/v2\/product_brand?post=5164"},{"taxonomy":"product_cat","embeddable":true,"href":"https:\/\/www.screenint.com\/it\/wp-json\/wp\/v2\/product_cat?post=5164"},{"taxonomy":"product_tag","embeddable":true,"href":"https:\/\/www.screenint.com\/it\/wp-json\/wp\/v2\/product_tag?post=5164"}],"curies":[{"name":"wp","href":"https:\/\/api.w.org\/{rel}","templated":true}]}}