{"id":5049,"date":"2017-01-11T16:53:41","date_gmt":"2017-05-17T16:41:44","guid":{"rendered":"http:\/\/www.screenint.com\/?post_type=product&#038;p=5049&#038;lang=it"},"modified":"2025-03-17T15:31:30","modified_gmt":"2025-03-17T15:31:30","slug":"false-ceiling-trim-kit-for-compact-and-major","status":"publish","type":"product","link":"https:\/\/www.screenint.com\/it\/all-products\/false-ceiling-trim-kit-for-compact-and-major\/","title":{"rendered":"Kit di mascheramento a controsoffitto per major"},"content":{"rendered":"<div id='layer_slider_1'  class='avia-layerslider main_color avia-shadow  avia-builder-el-0  el_before_av_one_half  avia-builder-el-first  container_wrap fullsize'  style='height: 151px; max-width: 1140px; margin: 0 auto;'  ><\/div><div id='after_layer_slider_1'  class='main_color av_default_container_wrap container_wrap fullsize'  ><div class='container av-section-cont-open' ><div class='template-page content  av-content-full alpha units'><div class='post-entry post-entry-type-page post-entry-5049'><div class='entry-content-wrapper clearfix'>\n\n<style type=\"text\/css\" data-created_by=\"avia_inline_auto\" id=\"style-css-av-av_one_half-6126cab7d8fab8d08143dd2dacdf673c\">\n.flex_column.av-av_one_half-6126cab7d8fab8d08143dd2dacdf673c{\nborder-radius:0px 0px 0px 0px;\npadding:0px 0px 0px 0px;\n}\n<\/style>\n<div  class='flex_column av-av_one_half-6126cab7d8fab8d08143dd2dacdf673c av_one_half  avia-builder-el-1  el_after_av_layerslider  el_before_av_one_half  avia-builder-el-first  first flex_column_div av-zero-column-padding  '     ><div  class='avia-slideshow av-kyy9xq5u-18e00b82692997467afd92c670af6950 avia-slideshow-featured av_slideshow avia-slide-slider  avia-builder-el-2  avia-builder-el-no-sibling  av-slideshow-ui av-control-default av-slideshow-manual av-loop-once av-loop-manual-endless av-default-height-applied avia-slideshow-1' data-slideshow-options=\"{&quot;animation&quot;:&quot;slide&quot;,&quot;autoplay&quot;:false,&quot;loop_autoplay&quot;:&quot;once&quot;,&quot;interval&quot;:5,&quot;loop_manual&quot;:&quot;manual-endless&quot;,&quot;autoplay_stopper&quot;:false,&quot;noNavigation&quot;:false,&quot;bg_slider&quot;:false,&quot;keep_padding&quot;:false,&quot;hoverpause&quot;:false,&quot;show_slide_delay&quot;:0}\"  itemprop=\"image\" itemscope=\"itemscope\" itemtype=\"https:\/\/schema.org\/ImageObject\" ><ul class='avia-slideshow-inner ' style='padding-bottom: 95.555555555556%;'><li  class='avia-slideshow-slide av-kyy9xq5u-18e00b82692997467afd92c670af6950__0  av-single-slide slide-1 slide-odd'><div data-rel='slideshow-1' class='avia-slide-wrap '   ><img decoding=\"async\" fetchpriority=\"high\" class=\"wp-image-10290 avia-img-lazy-loading-not-10290\"  src=\"https:\/\/www.screenint.com\/wp-content\/uploads\/2017\/01\/FCK-COMPACT-MAJOR-V2-450x430.png\" width=\"450\" height=\"430\" title='FCK COMPACT-MAJOR V2' alt=''  itemprop=\"thumbnailUrl\"   \/><\/div><\/li><\/ul><\/div><\/div>\n\n<style type=\"text\/css\" data-created_by=\"avia_inline_auto\" id=\"style-css-av-av_one_half-0aa7055fe62c3622faec82866afbaeb2\">\n.flex_column.av-av_one_half-0aa7055fe62c3622faec82866afbaeb2{\nborder-radius:0px 0px 0px 0px;\npadding:0px 0px 0px 0px;\n}\n<\/style>\n<div  class='flex_column av-av_one_half-0aa7055fe62c3622faec82866afbaeb2 av_one_half  avia-builder-el-3  el_after_av_one_half  el_before_av_hr  flex_column_div av-zero-column-padding  '     ><style type=\"text\/css\" data-created_by=\"avia_inline_auto\" id=\"style-css-av-kamkc84y-62955a8999356105959acc265d4993bb\">\n#top .av_textblock_section.av-kamkc84y-62955a8999356105959acc265d4993bb .avia_textblock{\ncolor:#999999;\n}\n<\/style>\n<section  class='av_textblock_section av-kamkc84y-62955a8999356105959acc265d4993bb '   itemscope=\"itemscope\" itemtype=\"https:\/\/schema.org\/CreativeWork\" ><div class='avia_textblock av_inherit_color'  itemprop=\"text\" ><p style=\"text-align: left;\"><strong><span class=\"Apple-style-span\" style=\"color: #1e9cde; font-size: xx-large;\"><span class=\"Apple-style-span\" style=\"line-height: 48px;\">KIT DI MASCHERAMENTO per COMPACT e MAJOR<\/span><\/span><\/strong><\/p>\n<p>Il KIT DI MASCHERAMENTO A CONTROSOFFITTO per schermi elettrici COMPACT e MAJOR \u00e8 una soluzione innovativa ed indispensabile quando sia necessario occultare il cassonetto dello schermo in un controsoffitto. Il kit \u00e8 costituito da componenti in alluminio interamente verniciate di colore bianco (RAL 9010). La caratteristica pi\u00f9 importante \u00e8 quella di permettere l\u2019accesso allo schermo anche quando l\u2019accessorio \u00e8 montato all\u2019interno del controsoffitto. Qualora ci fosse la necessit\u00e0 di una manutenzione ordinaria o straordinaria allo schermo, esso \u00e8 estraibile facilmente ed in qualsiasi momento. Ulteriore interessante caratteristica, \u00e8 quella di essere un elemento utilizzabile sia nei controsoffitti a pannelli che in cartongesso, che abbiano un\u2019 altezza massima di ben 110 cm. Il kit di mascheramento \u00e8 disponibile per gli schermi Compact fino a 300 cm. di base e per gli schermi Major da 300 cm. a 450 cm di base e anche nelle dimensioni su misura.<\/p>\n<p><section  class='av_textblock_section av-av_textblock-41ffad917e94b84caba77a0632290d8a '   itemscope=\"itemscope\" itemtype=\"https:\/\/schema.org\/CreativeWork\" ><div class='avia_textblock'  itemprop=\"text\" ><\/div><\/section><br \/>\n<div  class='avia-button-wrap av-av_button-f4910a26b8620eb51cb5d3d5b4ffef0b-wrap avia-button-left  avia-builder-el-6  avia-builder-el-no-sibling '><a href='mailto:info@screenint.com?subject=THE FALSE CEILING TRIM KIT FOR MAJOR-INFO'  class='avia-button av-av_button-f4910a26b8620eb51cb5d3d5b4ffef0b av-link-btn avia-icon_select-no avia-size-medium avia-position-left avia-color-theme-color'   aria-label=\"Richiedi informazioni\"><span class='avia_iconbox_title' >Richiedi informazioni<\/span><\/a><\/div><\/p>\n<\/div><\/section><\/div>\n<div  class='hr av-av_hr-8c1d5a908a63b24f9edc040d1b3fa0a0 hr-full  avia-builder-el-7  el_after_av_one_half  el_before_av_textblock  hr-no-shadow'><span class='hr-inner '><span class=\"hr-inner-style\"><\/span><\/span><\/div>\n\n<style type=\"text\/css\" data-created_by=\"avia_inline_auto\" id=\"style-css-av-av_textblock-a3d07da1591937de2eda3e3fe781d371\">\n#top .av_textblock_section.av-av_textblock-a3d07da1591937de2eda3e3fe781d371 .avia_textblock{\nfont-size:20px;\n}\n<\/style>\n<section  class='av_textblock_section av-av_textblock-a3d07da1591937de2eda3e3fe781d371 '   itemscope=\"itemscope\" itemtype=\"https:\/\/schema.org\/CreativeWork\" ><div class='avia_textblock'  itemprop=\"text\" ><\/div><\/section>\n\n<style type=\"text\/css\" data-created_by=\"avia_inline_auto\" id=\"style-css-av-av_one_half-b18ec1635791c30194c2fc90ea77ba9c\">\n.flex_column.av-av_one_half-b18ec1635791c30194c2fc90ea77ba9c{\nborder-radius:0px 0px 0px 0px;\npadding:0px 0px 0px 0px;\n}\n<\/style>\n<div  class='flex_column av-av_one_half-b18ec1635791c30194c2fc90ea77ba9c av_one_half  avia-builder-el-9  el_after_av_textblock  el_before_av_one_half  first flex_column_div av-zero-column-padding  column-top-margin'     ><\/div>\n\n<style type=\"text\/css\" data-created_by=\"avia_inline_auto\" id=\"style-css-av-av_one_half-531d5d4d3d3a74d4c56d8363993d8877\">\n.flex_column.av-av_one_half-531d5d4d3d3a74d4c56d8363993d8877{\nborder-radius:0px 0px 0px 0px;\npadding:0px 0px 0px 0px;\n}\n<\/style>\n<div  class='flex_column av-av_one_half-531d5d4d3d3a74d4c56d8363993d8877 av_one_half  avia-builder-el-10  el_after_av_one_half  avia-builder-el-last  flex_column_div av-zero-column-padding  column-top-margin'     ><div  class='togglecontainer av-kamlx7zm-0b31a6d38bb1bc89eec0a347bc48cba9  avia-builder-el-11  avia-builder-el-no-sibling  toggle_close_all' >\n<section class='av_toggle_section av-ltfm1qvh-9bb80385d4532ca4c30eee15b02eed54'  itemscope=\"itemscope\" itemtype=\"https:\/\/schema.org\/CreativeWork\" ><div role=\"tablist\" class=\"single_toggle\" data-tags=\"{Tutto} \"  ><p id='toggle-toggle-id-1' data-fake-id='#toggle-id-1' class='toggler  av-title-above '  itemprop=\"headline\"  role='tab' tabindex='0' aria-controls='toggle-id-1' data-slide-speed=\"200\" data-title=\"SCHEDA TECNICA\" data-title-open=\"\" data-aria_collapsed=\"Clicca per espandere: SCHEDA TECNICA\" data-aria_expanded=\"Fare clic per chiudere: SCHEDA TECNICA\">SCHEDA TECNICA<span class=\"toggle_icon\"><span class=\"vert_icon\"><\/span><span class=\"hor_icon\"><\/span><\/span><\/p><div id='toggle-id-1' aria-labelledby='toggle-toggle-id-1' role='region' class='toggle_wrap  av-title-above'  ><div class='toggle_content invers-color '  itemprop=\"text\" >\n<!-- Generated using Document Gallery. Get yours here: http:\/\/wordpress.org\/extend\/plugins\/document-gallery -->\n<div id=\"document-gallery-1\" class=\"document-gallery\" data-shortcode='{\"id\":5049,\"include\":\"13156,13338\",\"exclude\":\"\",\"attachment_pg\":false,\"columns\":4,\"descriptions\":false,\"fancy\":true,\"limit\":-1,\"mime_types\":\"application,video,text,audio,image\",\"new_window\":true,\"order\":\"ASC\",\"orderby\":\"post__in\",\"paginate\":true,\"post_status\":\"any\",\"post_type\":\"attachment\",\"relation\":\"AND\",\"skip\":0}' style='--dg-icon-width: 24%'>\n<div class='document-icon-row'>\n   <div class=\"document-icon\">\n      <a href=\"https:\/\/www.screenint.com\/wp-content\/uploads\/2017\/01\/2024_03_11-Fck-Compact-3_0-52-ITA-1.pdf\" target=\"_blank\">\n         <img decoding=\"async\" src=\"https:\/\/www.screenint.com\/wp-content\/uploads\/2017\/01\/2024_03_11-Fck-Compact-3_0-52-ITA-1-thumb.png\" title=\"2024_03_11 &#8211; Fck Compact 3_0 &#8211; 52 ITA\" alt=\"2024_03_11 &#8211; Fck Compact 3_0 &#8211; 52 ITA\" data-ext=\"pdf\"\/>\n         <span class=\"title\">2024_03_11 &#8211; Fck Compact 3_0 &#8211; 52 ITA<\/span>\n      <\/a>\n   <\/div>\n   <div class=\"document-icon\">\n      <a href=\"https:\/\/www.screenint.com\/wp-content\/uploads\/2017\/01\/SCHEDA-TECNICA-FCK-MAJOR-2025.pdf\" target=\"_blank\">\n         <img decoding=\"async\" src=\"https:\/\/www.screenint.com\/wp-content\/uploads\/2017\/01\/SCHEDA-TECNICA-FCK-MAJOR-2025-thumb.png\" title=\"SCHEDA TECNICA FCK MAJOR 2025\" alt=\"SCHEDA TECNICA FCK MAJOR 2025\" data-ext=\"pdf\"\/>\n         <span class=\"title\">SCHEDA TECNICA FCK MAJOR 2025<\/span>\n      <\/a>\n   <\/div>\n\n<\/div>\n<\/div>\n<\/div><\/div><\/div><\/section>\n<section class='av_toggle_section av-ltfm2oc1-7afbcda79b9f60457e152c12ae6ee53e'  itemscope=\"itemscope\" itemtype=\"https:\/\/schema.org\/CreativeWork\" ><div role=\"tablist\" class=\"single_toggle\" data-tags=\"{Tutto} \"  ><p id='toggle-toggle-id-2' data-fake-id='#toggle-id-2' class='toggler  av-title-above '  itemprop=\"headline\"  role='tab' tabindex='0' aria-controls='toggle-id-2' data-slide-speed=\"200\" data-title=\"ISTRUZIONI DI MONTAGGIO\" data-title-open=\"\" data-aria_collapsed=\"Clicca per espandere: ISTRUZIONI DI MONTAGGIO\" data-aria_expanded=\"Fare clic per chiudere: ISTRUZIONI DI MONTAGGIO\">ISTRUZIONI DI MONTAGGIO<span class=\"toggle_icon\"><span class=\"vert_icon\"><\/span><span class=\"hor_icon\"><\/span><\/span><\/p><div id='toggle-id-2' aria-labelledby='toggle-toggle-id-2' role='region' class='toggle_wrap  av-title-above'  ><div class='toggle_content invers-color '  itemprop=\"text\" >\n<!-- Generated using Document Gallery. Get yours here: http:\/\/wordpress.org\/extend\/plugins\/document-gallery -->\n<div id=\"document-gallery-2\" class=\"document-gallery\" data-shortcode='{\"id\":5049,\"include\":\"13146,13209\",\"exclude\":\"\",\"attachment_pg\":false,\"columns\":4,\"descriptions\":false,\"fancy\":true,\"limit\":-1,\"mime_types\":\"application,video,text,audio,image\",\"new_window\":true,\"order\":\"ASC\",\"orderby\":\"post__in\",\"paginate\":true,\"post_status\":\"any\",\"post_type\":\"attachment\",\"relation\":\"AND\",\"skip\":0}' style='--dg-icon-width: 24%'>\n<div class='document-icon-row'>\n   <div class=\"document-icon\">\n      <a href=\"https:\/\/www.screenint.com\/wp-content\/uploads\/2017\/01\/MUM-FCK-Compact-3.0-2024_01_16-ITA.pdf\" target=\"_blank\">\n         <img decoding=\"async\" src=\"https:\/\/www.screenint.com\/wp-content\/uploads\/2017\/01\/MUM-FCK-Compact-3-0-2024_01_16-ITA-thumb.png\" title=\"MUM &#8211; FCK &#8211; Compact 3.0 &#8211; 2024_01_16 &#8211; ITA\" alt=\"MUM &#8211; FCK &#8211; Compact 3.0 &#8211; 2024_01_16 &#8211; ITA\" data-ext=\"pdf\"\/>\n         <span class=\"title\">MUM &#8211; FCK &#8211; Compact 3.0 &#8211; 2024_01_16 &#8211; ITA<\/span>\n      <\/a>\n   <\/div>\n   <div class=\"document-icon\">\n      <a href=\"https:\/\/www.screenint.com\/wp-content\/uploads\/2017\/01\/MUM-FCK-Major-3.0-ITA.pdf\" target=\"_blank\">\n         <img decoding=\"async\" src=\"https:\/\/www.screenint.com\/wp-content\/uploads\/2017\/01\/MUM-FCK-Major-3-0-ITA-thumb.png\" title=\"MUM &#8211; FCK &#8211; Major 3.0 &#8211; ITA\" alt=\"MUM &#8211; FCK &#8211; Major 3.0 &#8211; ITA\" data-ext=\"pdf\"\/>\n         <span class=\"title\">MUM &#8211; FCK &#8211; Major 3.0 &#8211; ITA<\/span>\n      <\/a>\n   <\/div>\n\n<\/div>\n<\/div>\n<\/div><\/div><\/div><\/section>\n<\/div><\/div>\n","protected":false},"excerpt":{"rendered":"","protected":false},"featured_media":10290,"comment_status":"closed","ping_status":"closed","template":"","meta":[],"product_brand":[],"product_cat":[85],"product_tag":[],"class_list":{"0":"post-5049","1":"product","2":"type-product","3":"status-publish","4":"has-post-thumbnail","6":"product_cat-accessori-it","8":"first","9":"outofstock","10":"shipping-taxable","11":"product-type-variable"},"yoast_head":"<!-- This site is optimized with the Yoast SEO plugin v27.2 - https:\/\/yoast.com\/product\/yoast-seo-wordpress\/ -->\n<title>Kit di mascheramento a controsoffitto per major - Screenint high quality projection screens<\/title>\n<meta name=\"robots\" content=\"index, follow, max-snippet:-1, max-image-preview:large, max-video-preview:-1\" \/>\n<link rel=\"canonical\" href=\"https:\/\/www.screenint.com\/it\/all-products\/false-ceiling-trim-kit-for-compact-and-major\/\" \/>\n<meta property=\"og:locale\" content=\"it_IT\" \/>\n<meta property=\"og:type\" content=\"article\" \/>\n<meta property=\"og:title\" content=\"Kit di mascheramento a controsoffitto per major - Screenint high quality projection screens\" \/>\n<meta property=\"og:url\" content=\"https:\/\/www.screenint.com\/it\/all-products\/false-ceiling-trim-kit-for-compact-and-major\/\" \/>\n<meta property=\"og:site_name\" content=\"Screenint high quality projection screens\" \/>\n<meta property=\"article:modified_time\" content=\"2025-03-17T15:31:30+00:00\" \/>\n<meta property=\"og:image\" content=\"https:\/\/www.screenint.com\/wp-content\/uploads\/2017\/01\/FCK-COMPACT-MAJOR-V2.png\" \/>\n\t<meta property=\"og:image:width\" content=\"450\" \/>\n\t<meta property=\"og:image:height\" content=\"450\" \/>\n\t<meta property=\"og:image:type\" content=\"image\/png\" \/>\n<meta name=\"twitter:card\" content=\"summary_large_image\" \/>\n<meta name=\"twitter:label1\" content=\"Tempo di lettura stimato\" \/>\n\t<meta name=\"twitter:data1\" content=\"2 minuti\" \/>\n<script type=\"application\/ld+json\" class=\"yoast-schema-graph\">{\"@context\":\"https:\/\/schema.org\",\"@graph\":[{\"@type\":\"WebPage\",\"@id\":\"https:\/\/www.screenint.com\/it\/all-products\/false-ceiling-trim-kit-for-compact-and-major\/\",\"url\":\"https:\/\/www.screenint.com\/it\/all-products\/false-ceiling-trim-kit-for-compact-and-major\/\",\"name\":\"Kit di mascheramento a controsoffitto per major - Screenint high quality projection screens\",\"isPartOf\":{\"@id\":\"https:\/\/www.screenint.com\/#website\"},\"primaryImageOfPage\":{\"@id\":\"https:\/\/www.screenint.com\/it\/all-products\/false-ceiling-trim-kit-for-compact-and-major\/#primaryimage\"},\"image\":{\"@id\":\"https:\/\/www.screenint.com\/it\/all-products\/false-ceiling-trim-kit-for-compact-and-major\/#primaryimage\"},\"thumbnailUrl\":\"https:\/\/www.screenint.com\/wp-content\/uploads\/2017\/01\/FCK-COMPACT-MAJOR-V2.png\",\"datePublished\":\"2017-05-17T16:41:44+00:00\",\"dateModified\":\"2025-03-17T15:31:30+00:00\",\"breadcrumb\":{\"@id\":\"https:\/\/www.screenint.com\/it\/all-products\/false-ceiling-trim-kit-for-compact-and-major\/#breadcrumb\"},\"inLanguage\":\"it-IT\",\"potentialAction\":[{\"@type\":\"ReadAction\",\"target\":[\"https:\/\/www.screenint.com\/it\/all-products\/false-ceiling-trim-kit-for-compact-and-major\/\"]}]},{\"@type\":\"ImageObject\",\"inLanguage\":\"it-IT\",\"@id\":\"https:\/\/www.screenint.com\/it\/all-products\/false-ceiling-trim-kit-for-compact-and-major\/#primaryimage\",\"url\":\"https:\/\/www.screenint.com\/wp-content\/uploads\/2017\/01\/FCK-COMPACT-MAJOR-V2.png\",\"contentUrl\":\"https:\/\/www.screenint.com\/wp-content\/uploads\/2017\/01\/FCK-COMPACT-MAJOR-V2.png\",\"width\":450,\"height\":450},{\"@type\":\"BreadcrumbList\",\"@id\":\"https:\/\/www.screenint.com\/it\/all-products\/false-ceiling-trim-kit-for-compact-and-major\/#breadcrumb\",\"itemListElement\":[{\"@type\":\"ListItem\",\"position\":1,\"name\":\"Home\",\"item\":\"https:\/\/www.screenint.com\/it\/homepage\/\"},{\"@type\":\"ListItem\",\"position\":2,\"name\":\"Products\",\"item\":\"https:\/\/www.screenint.com\/shop\/\"},{\"@type\":\"ListItem\",\"position\":3,\"name\":\"Kit di mascheramento a controsoffitto per major\"}]},{\"@type\":\"WebSite\",\"@id\":\"https:\/\/www.screenint.com\/#website\",\"url\":\"https:\/\/www.screenint.com\/\",\"name\":\"Screenint high quality projection screens\",\"description\":\"Screens with very high quality, standard and custom sizes\",\"publisher\":{\"@id\":\"https:\/\/www.screenint.com\/#organization\"},\"potentialAction\":[{\"@type\":\"SearchAction\",\"target\":{\"@type\":\"EntryPoint\",\"urlTemplate\":\"https:\/\/www.screenint.com\/?s={search_term_string}\"},\"query-input\":{\"@type\":\"PropertyValueSpecification\",\"valueRequired\":true,\"valueName\":\"search_term_string\"}}],\"inLanguage\":\"it-IT\"},{\"@type\":\"Organization\",\"@id\":\"https:\/\/www.screenint.com\/#organization\",\"name\":\"Screenint high quality projection screens\",\"url\":\"https:\/\/www.screenint.com\/\",\"logo\":{\"@type\":\"ImageObject\",\"inLanguage\":\"it-IT\",\"@id\":\"https:\/\/www.screenint.com\/#\/schema\/logo\/image\/\",\"url\":\"https:\/\/www.screenint.com\/wp-content\/uploads\/2021\/11\/logo_screenint_2017-1.png\",\"contentUrl\":\"https:\/\/www.screenint.com\/wp-content\/uploads\/2021\/11\/logo_screenint_2017-1.png\",\"width\":159,\"height\":61,\"caption\":\"Screenint high quality projection screens\"},\"image\":{\"@id\":\"https:\/\/www.screenint.com\/#\/schema\/logo\/image\/\"}}]}<\/script>\n<!-- \/ Yoast SEO plugin. -->","yoast_head_json":{"title":"Kit di mascheramento a controsoffitto per major - Screenint high quality projection screens","robots":{"index":"index","follow":"follow","max-snippet":"max-snippet:-1","max-image-preview":"max-image-preview:large","max-video-preview":"max-video-preview:-1"},"canonical":"https:\/\/www.screenint.com\/it\/all-products\/false-ceiling-trim-kit-for-compact-and-major\/","og_locale":"it_IT","og_type":"article","og_title":"Kit di mascheramento a controsoffitto per major - Screenint high quality projection screens","og_url":"https:\/\/www.screenint.com\/it\/all-products\/false-ceiling-trim-kit-for-compact-and-major\/","og_site_name":"Screenint high quality projection screens","article_modified_time":"2025-03-17T15:31:30+00:00","og_image":[{"width":450,"height":450,"url":"https:\/\/www.screenint.com\/wp-content\/uploads\/2017\/01\/FCK-COMPACT-MAJOR-V2.png","type":"image\/png"}],"twitter_card":"summary_large_image","twitter_misc":{"Tempo di lettura stimato":"2 minuti"},"schema":{"@context":"https:\/\/schema.org","@graph":[{"@type":"WebPage","@id":"https:\/\/www.screenint.com\/it\/all-products\/false-ceiling-trim-kit-for-compact-and-major\/","url":"https:\/\/www.screenint.com\/it\/all-products\/false-ceiling-trim-kit-for-compact-and-major\/","name":"Kit di mascheramento a controsoffitto per major - Screenint high quality projection screens","isPartOf":{"@id":"https:\/\/www.screenint.com\/#website"},"primaryImageOfPage":{"@id":"https:\/\/www.screenint.com\/it\/all-products\/false-ceiling-trim-kit-for-compact-and-major\/#primaryimage"},"image":{"@id":"https:\/\/www.screenint.com\/it\/all-products\/false-ceiling-trim-kit-for-compact-and-major\/#primaryimage"},"thumbnailUrl":"https:\/\/www.screenint.com\/wp-content\/uploads\/2017\/01\/FCK-COMPACT-MAJOR-V2.png","datePublished":"2017-05-17T16:41:44+00:00","dateModified":"2025-03-17T15:31:30+00:00","breadcrumb":{"@id":"https:\/\/www.screenint.com\/it\/all-products\/false-ceiling-trim-kit-for-compact-and-major\/#breadcrumb"},"inLanguage":"it-IT","potentialAction":[{"@type":"ReadAction","target":["https:\/\/www.screenint.com\/it\/all-products\/false-ceiling-trim-kit-for-compact-and-major\/"]}]},{"@type":"ImageObject","inLanguage":"it-IT","@id":"https:\/\/www.screenint.com\/it\/all-products\/false-ceiling-trim-kit-for-compact-and-major\/#primaryimage","url":"https:\/\/www.screenint.com\/wp-content\/uploads\/2017\/01\/FCK-COMPACT-MAJOR-V2.png","contentUrl":"https:\/\/www.screenint.com\/wp-content\/uploads\/2017\/01\/FCK-COMPACT-MAJOR-V2.png","width":450,"height":450},{"@type":"BreadcrumbList","@id":"https:\/\/www.screenint.com\/it\/all-products\/false-ceiling-trim-kit-for-compact-and-major\/#breadcrumb","itemListElement":[{"@type":"ListItem","position":1,"name":"Home","item":"https:\/\/www.screenint.com\/it\/homepage\/"},{"@type":"ListItem","position":2,"name":"Products","item":"https:\/\/www.screenint.com\/shop\/"},{"@type":"ListItem","position":3,"name":"Kit di mascheramento a controsoffitto per major"}]},{"@type":"WebSite","@id":"https:\/\/www.screenint.com\/#website","url":"https:\/\/www.screenint.com\/","name":"Screenint high quality projection screens","description":"Screens with very high quality, standard and custom sizes","publisher":{"@id":"https:\/\/www.screenint.com\/#organization"},"potentialAction":[{"@type":"SearchAction","target":{"@type":"EntryPoint","urlTemplate":"https:\/\/www.screenint.com\/?s={search_term_string}"},"query-input":{"@type":"PropertyValueSpecification","valueRequired":true,"valueName":"search_term_string"}}],"inLanguage":"it-IT"},{"@type":"Organization","@id":"https:\/\/www.screenint.com\/#organization","name":"Screenint high quality projection screens","url":"https:\/\/www.screenint.com\/","logo":{"@type":"ImageObject","inLanguage":"it-IT","@id":"https:\/\/www.screenint.com\/#\/schema\/logo\/image\/","url":"https:\/\/www.screenint.com\/wp-content\/uploads\/2021\/11\/logo_screenint_2017-1.png","contentUrl":"https:\/\/www.screenint.com\/wp-content\/uploads\/2021\/11\/logo_screenint_2017-1.png","width":159,"height":61,"caption":"Screenint high quality projection screens"},"image":{"@id":"https:\/\/www.screenint.com\/#\/schema\/logo\/image\/"}}]}},"_links":{"self":[{"href":"https:\/\/www.screenint.com\/it\/wp-json\/wp\/v2\/product\/5049","targetHints":{"allow":["GET"]}}],"collection":[{"href":"https:\/\/www.screenint.com\/it\/wp-json\/wp\/v2\/product"}],"about":[{"href":"https:\/\/www.screenint.com\/it\/wp-json\/wp\/v2\/types\/product"}],"replies":[{"embeddable":true,"href":"https:\/\/www.screenint.com\/it\/wp-json\/wp\/v2\/comments?post=5049"}],"wp:featuredmedia":[{"embeddable":true,"href":"https:\/\/www.screenint.com\/it\/wp-json\/wp\/v2\/media\/10290"}],"wp:attachment":[{"href":"https:\/\/www.screenint.com\/it\/wp-json\/wp\/v2\/media?parent=5049"}],"wp:term":[{"taxonomy":"product_brand","embeddable":true,"href":"https:\/\/www.screenint.com\/it\/wp-json\/wp\/v2\/product_brand?post=5049"},{"taxonomy":"product_cat","embeddable":true,"href":"https:\/\/www.screenint.com\/it\/wp-json\/wp\/v2\/product_cat?post=5049"},{"taxonomy":"product_tag","embeddable":true,"href":"https:\/\/www.screenint.com\/it\/wp-json\/wp\/v2\/product_tag?post=5049"}],"curies":[{"name":"wp","href":"https:\/\/api.w.org\/{rel}","templated":true}]}}