{"id":5044,"date":"2017-01-11T16:53:41","date_gmt":"2017-05-17T16:31:16","guid":{"rendered":"http:\/\/www.screenint.com\/?post_type=product&#038;p=5044&#038;lang=it"},"modified":"2025-01-21T11:54:52","modified_gmt":"2025-01-21T11:54:52","slug":"projector-lift-si-h-500","status":"publish","type":"product","link":"https:\/\/www.screenint.com\/it\/all-products\/projector-lift-si-h-500\/","title":{"rendered":"Elevatore Motorizzato SI-H XL 500"},"content":{"rendered":"<div id='layer_slider_1'  class='avia-layerslider main_color avia-shadow  avia-builder-el-0  el_before_av_one_half  avia-builder-el-first  container_wrap fullsize'  style='height: 151px; max-width: 1140px; margin: 0 auto;'  ><\/div><div id='after_layer_slider_1'  class='main_color av_default_container_wrap container_wrap fullsize'  ><div class='container av-section-cont-open' ><div class='template-page content  av-content-full alpha units'><div class='post-entry post-entry-type-page post-entry-5044'><div class='entry-content-wrapper clearfix'>\n\n<style type=\"text\/css\" data-created_by=\"avia_inline_auto\" id=\"style-css-av-av_one_half-6126cab7d8fab8d08143dd2dacdf673c\">\n.flex_column.av-av_one_half-6126cab7d8fab8d08143dd2dacdf673c{\nborder-radius:0px 0px 0px 0px;\npadding:0px 0px 0px 0px;\n}\n<\/style>\n<div  class='flex_column av-av_one_half-6126cab7d8fab8d08143dd2dacdf673c av_one_half  avia-builder-el-1  el_after_av_layerslider  el_before_av_one_half  avia-builder-el-first  first flex_column_div av-zero-column-padding  '     ><div  class='avia-slideshow av-k7qi0c4s-48353d8112c9c2ade89f33379cb78e38 avia-slideshow-featured av_slideshow avia-slide-slider  avia-builder-el-2  avia-builder-el-no-sibling  av-slideshow-ui av-control-default av-slideshow-manual av-loop-once av-loop-manual-endless av-default-height-applied avia-slideshow-1' data-slideshow-options=\"{&quot;animation&quot;:&quot;slide&quot;,&quot;autoplay&quot;:false,&quot;loop_autoplay&quot;:&quot;once&quot;,&quot;interval&quot;:5,&quot;loop_manual&quot;:&quot;manual-endless&quot;,&quot;autoplay_stopper&quot;:false,&quot;noNavigation&quot;:false,&quot;bg_slider&quot;:false,&quot;keep_padding&quot;:false,&quot;hoverpause&quot;:false,&quot;show_slide_delay&quot;:0}\"  itemprop=\"image\" itemscope=\"itemscope\" itemtype=\"https:\/\/schema.org\/ImageObject\" ><ul class='avia-slideshow-inner ' style='padding-bottom: 95.555555555556%;'><li  class='avia-slideshow-slide av-k7qi0c4s-48353d8112c9c2ade89f33379cb78e38__0  av-single-slide slide-1 slide-odd'><div data-rel='slideshow-1' class='avia-slide-wrap '   ><img decoding=\"async\" fetchpriority=\"high\" class=\"wp-image-10596 avia-img-lazy-loading-not-10596\"  src=\"https:\/\/www.screenint.com\/wp-content\/uploads\/2017\/01\/SIHXL500-450x450-1-450x430.png\" width=\"450\" height=\"430\" title='SIHXL500 450x450' alt=''  itemprop=\"thumbnailUrl\"   \/><\/div><\/li><\/ul><\/div><\/div>\n\n<style type=\"text\/css\" data-created_by=\"avia_inline_auto\" id=\"style-css-av-av_one_half-0aa7055fe62c3622faec82866afbaeb2\">\n.flex_column.av-av_one_half-0aa7055fe62c3622faec82866afbaeb2{\nborder-radius:0px 0px 0px 0px;\npadding:0px 0px 0px 0px;\n}\n<\/style>\n<div  class='flex_column av-av_one_half-0aa7055fe62c3622faec82866afbaeb2 av_one_half  avia-builder-el-3  el_after_av_one_half  el_before_av_hr  flex_column_div av-zero-column-padding  '     ><style type=\"text\/css\" data-created_by=\"avia_inline_auto\" id=\"style-css-av-k39t0h0s-cce79a10fe6f6dd2f30cdbacaa555b32\">\n#top .av_textblock_section.av-k39t0h0s-cce79a10fe6f6dd2f30cdbacaa555b32 .avia_textblock{\ncolor:#999999;\n}\n<\/style>\n<section  class='av_textblock_section av-k39t0h0s-cce79a10fe6f6dd2f30cdbacaa555b32 '   itemscope=\"itemscope\" itemtype=\"https:\/\/schema.org\/CreativeWork\" ><div class='avia_textblock av_inherit_color'  itemprop=\"text\" ><p style=\"text-align: left;\"><strong><span class=\"Apple-style-span\" style=\"color: #1e9cde; font-size: xx-large;\"><span class=\"Apple-style-span\" style=\"line-height: 48px;\">ELEVATORE MOTORIZZATO<\/span><\/span><\/strong><\/p>\n<p style=\"text-align: left;\"><strong><span class=\"Apple-style-span\" style=\"color: #1e9cde; font-size: xx-large;\"><span class=\"Apple-style-span\" style=\"line-height: 48px;\">SI-H XL 500<\/span><\/span><\/strong><\/p>\n<p>L\u2019ELEVATORE MOTORIZZATO SI-H XL 500 \u00e8 un elevatore solido, stabile ed affidabile sviluppato, insieme all\u2019elevatore SI-H XL 300, per installazioni in cui vi sia la necessit\u00e0 di movimentare proiettori di dimensioni notevoli. Il motore utilizzato assicura un movimento di salita e discesa silenzioso, stabile e veloce. Questo elevatore viene fornito con telecomando e garantisce la possibilit\u00e0 di fissare tre fine corsa: posizione alta, intermedia e bassa. Il fine corsa intermedio va fissato all\u2019altezza desiderata per l\u2019utilizzo come modalit\u00e0 proiezione, mentre il fine corsa in basso pu\u00f2 essere settato fino ad un massimo di 500 cm. per essere utilizzato come modalit\u00e0 service allo scopo di effettuare le manutenzioni periodiche al videoproiettore senza doverlo spostare dall\u2019elevatore stesso. E\u2019 previsto un meccanismo interno di sicurezza che interviene in caso di accidentali rotture. Il movimento del sistema di ancoraggio del proiettore \u00e8 controllato da due cavi di acciaio rivestiti in pvc, certificati per un carico massimo di 350 kg. ognuno.<\/p>\n<p><section  class='av_textblock_section av-av_textblock-41ffad917e94b84caba77a0632290d8a '   itemscope=\"itemscope\" itemtype=\"https:\/\/schema.org\/CreativeWork\" ><div class='avia_textblock'  itemprop=\"text\" ><\/div><\/section><br \/>\n<div  class='avia-button-wrap av-av_button-0de4a8d8bdd410a449a3b1de1207fbeb-wrap avia-button-left  avia-builder-el-6  avia-builder-el-no-sibling '><a href='mailto:info@screenint.com?subject=PROJECTOR LIFT SI-H XL 500-INFO'  class='avia-button av-av_button-0de4a8d8bdd410a449a3b1de1207fbeb av-link-btn avia-icon_select-no avia-size-medium avia-position-left avia-color-theme-color'   aria-label=\"Richiedi informazioni\"><span class='avia_iconbox_title' >Richiedi informazioni<\/span><\/a><\/div><\/p>\n<\/div><\/section><\/div>\n<div  class='hr av-av_hr-8c1d5a908a63b24f9edc040d1b3fa0a0 hr-full  avia-builder-el-7  el_after_av_one_half  el_before_av_two_third  hr-no-shadow'><span class='hr-inner '><span class=\"hr-inner-style\"><\/span><\/span><\/div>\n\n<style type=\"text\/css\" data-created_by=\"avia_inline_auto\" id=\"style-css-av-av_two_third-6126cab7d8fab8d08143dd2dacdf673c\">\n.flex_column.av-av_two_third-6126cab7d8fab8d08143dd2dacdf673c{\nborder-radius:0px 0px 0px 0px;\npadding:0px 0px 0px 0px;\n}\n<\/style>\n<div  class='flex_column av-av_two_third-6126cab7d8fab8d08143dd2dacdf673c av_two_third  avia-builder-el-8  el_after_av_hr  el_before_av_one_third  first flex_column_div av-zero-column-padding  '     ><style type=\"text\/css\" data-created_by=\"avia_inline_auto\" id=\"style-css-av-k0cin0fm-3565dc70d731d8f119612bcd420911c7\">\n#top .av_textblock_section.av-k0cin0fm-3565dc70d731d8f119612bcd420911c7 .avia_textblock{\nfont-size:10px;\n}\n<\/style>\n<section  class='av_textblock_section av-k0cin0fm-3565dc70d731d8f119612bcd420911c7 '   itemscope=\"itemscope\" itemtype=\"https:\/\/schema.org\/CreativeWork\" ><div class='avia_textblock'  itemprop=\"text\" ><p><span style=\"font-size: 12pt;\"><strong>\u2022 ALIMENTAZIONE<\/strong> \u2192 220-230V &#8211; 50HZ<\/span><\/p>\n<p><span style=\"font-size: 12pt;\"><strong> \u2022 CONSUMO MASSIMO<\/strong> \u2192 360 W<\/span><\/p>\n<p><span style=\"font-size: 12pt;\"><strong> \u2022 COPPIA MOTORE<\/strong> \u2192 80 Nm<\/span><\/p>\n<p><span style=\"font-size: 12pt;\"><strong> \u2022 VELOCITA\u2019 MOTORE<\/strong> \u2192 12 rpm<\/span><\/p>\n<p><span style=\"font-size: 12pt;\"><strong> \u2022 DIMENSIONE ELEVATORE CHIUSO<\/strong> \u2192 847x801x910 (LxHxP in mm)<\/span><\/p>\n<p><span style=\"font-size: 12pt;\"><strong> \u2022 DIMENSIONE ELEVATORE APERTO<\/strong> \u2192 847x5801x910 (LxHxP in mm)<\/span><\/p>\n<p><span style=\"font-size: 12pt;\"><strong> \u2022 VELOCITA\u2019 SALITA<\/strong> \u2192 17 sec\/m<\/span><\/p>\n<p><span style=\"font-size: 12pt;\"><strong> \u2022 VELOCITA DISCESA<\/strong> \u2192 22 sec\/m<\/span><\/p>\n<p><span style=\"font-size: 12pt;\"><strong> \u2022 PORTATA MASSIMA<\/strong> \u2192 95 Kg<\/span><\/p>\n<p><span style=\"font-size: 12pt;\"><strong> \u2022 PESO NETTO ELEVATORE<\/strong> \u2192 81 Kg<\/span><\/p>\n<p><span style=\"font-size: 12pt;\"><strong> \u2022 SISTEMA RACCOGLICAVO<\/strong> \u2192 50&#215;18 (LxH in mm dimensioni interne)<\/span><\/p>\n<\/div><\/section><\/div>\n\n<style type=\"text\/css\" data-created_by=\"avia_inline_auto\" id=\"style-css-av-av_one_third-0aa7055fe62c3622faec82866afbaeb2\">\n.flex_column.av-av_one_third-0aa7055fe62c3622faec82866afbaeb2{\nborder-radius:0px 0px 0px 0px;\npadding:0px 0px 0px 0px;\n}\n<\/style>\n<div  class='flex_column av-av_one_third-0aa7055fe62c3622faec82866afbaeb2 av_one_third  avia-builder-el-10  el_after_av_two_third  avia-builder-el-last  flex_column_div av-zero-column-padding  '     ><div  class='togglecontainer av-k0cilpy6-882f0fb00e45599fdbe3711bd61606d3  avia-builder-el-11  avia-builder-el-no-sibling  toggle_close_all' >\n<section class='av_toggle_section av-m66f2u98-7927e5e45c14f1a940561299c9c4661c'  itemscope=\"itemscope\" itemtype=\"https:\/\/schema.org\/CreativeWork\" ><div role=\"tablist\" class=\"single_toggle\" data-tags=\"{Tutto} \"  ><p id='toggle-toggle-id-1' data-fake-id='#toggle-id-1' class='toggler  av-title-above '  itemprop=\"headline\"  role='tab' tabindex='0' aria-controls='toggle-id-1' data-slide-speed=\"200\" data-title=\"SCHEDA TECNICA\" data-title-open=\"\" data-aria_collapsed=\"Clicca per espandere: SCHEDA TECNICA\" data-aria_expanded=\"Fare clic per chiudere: SCHEDA TECNICA\">SCHEDA TECNICA<span class=\"toggle_icon\"><span class=\"vert_icon\"><\/span><span class=\"hor_icon\"><\/span><\/span><\/p><div id='toggle-id-1' aria-labelledby='toggle-toggle-id-1' role='region' class='toggle_wrap  av-title-above'  ><div class='toggle_content invers-color '  itemprop=\"text\" >\n<!-- Generated using Document Gallery. Get yours here: http:\/\/wordpress.org\/extend\/plugins\/document-gallery -->\n<div id=\"document-gallery-1\" class=\"document-gallery\" data-shortcode='{\"id\":5044,\"include\":\"13275\",\"exclude\":\"\",\"attachment_pg\":false,\"columns\":4,\"descriptions\":false,\"fancy\":true,\"limit\":-1,\"mime_types\":\"application,video,text,audio,image\",\"new_window\":true,\"order\":\"ASC\",\"orderby\":\"post__in\",\"paginate\":true,\"post_status\":\"any\",\"post_type\":\"attachment\",\"relation\":\"AND\",\"skip\":0}' style='--dg-icon-width: 24%'>\n<div class='document-icon-row'>\n   <div class=\"document-icon\">\n      <a href=\"https:\/\/www.screenint.com\/wp-content\/uploads\/2017\/01\/SCHEDA-TECNICA-ELEVATORE-MOTORIZZATO-SI-H-XL-500_2025.pdf\" target=\"_blank\">\n         <img decoding=\"async\" src=\"https:\/\/www.screenint.com\/wp-content\/uploads\/2017\/01\/SCHEDA-TECNICA-ELEVATORE-MOTORIZZATO-SI-H-XL-500_2025-thumb.png\" title=\"SCHEDA TECNICA ELEVATORE MOTORIZZATO SI-H XL 500_2025\" alt=\"SCHEDA TECNICA ELEVATORE MOTORIZZATO SI-H XL 500_2025\" data-ext=\"pdf\"\/>\n         <span class=\"title\">SCHEDA TECNICA ELEVATORE MOTORIZZATO SI-H XL 500_2025<\/span>\n      <\/a>\n   <\/div>\n\n<\/div>\n<\/div>\n<\/div><\/div><\/div><\/section>\n<section class='av_toggle_section av-lragpr9i-ab41d56fe7e16561961444dadf68a8f9'  itemscope=\"itemscope\" itemtype=\"https:\/\/schema.org\/CreativeWork\" ><div role=\"tablist\" class=\"single_toggle\" data-tags=\"{Tutto} \"  ><p id='toggle-toggle-id-2' data-fake-id='#toggle-id-2' class='toggler  av-title-above '  itemprop=\"headline\"  role='tab' tabindex='0' aria-controls='toggle-id-2' data-slide-speed=\"200\" data-title=\"ISTRUZIONI DI MONTAGGIO\" data-title-open=\"\" data-aria_collapsed=\"Clicca per espandere: ISTRUZIONI DI MONTAGGIO\" data-aria_expanded=\"Fare clic per chiudere: ISTRUZIONI DI MONTAGGIO\">ISTRUZIONI DI MONTAGGIO<span class=\"toggle_icon\"><span class=\"vert_icon\"><\/span><span class=\"hor_icon\"><\/span><\/span><\/p><div id='toggle-id-2' aria-labelledby='toggle-toggle-id-2' role='region' class='toggle_wrap  av-title-above'  ><div class='toggle_content invers-color '  itemprop=\"text\" >\n<!-- Generated using Document Gallery. Get yours here: http:\/\/wordpress.org\/extend\/plugins\/document-gallery -->\n<div id=\"document-gallery-2\" class=\"document-gallery\" data-shortcode='{\"id\":5044,\"include\":\"13268\",\"exclude\":\"\",\"attachment_pg\":false,\"columns\":4,\"descriptions\":false,\"fancy\":true,\"limit\":-1,\"mime_types\":\"application,video,text,audio,image\",\"new_window\":false,\"order\":\"ASC\",\"orderby\":\"post__in\",\"paginate\":true,\"post_status\":\"any\",\"post_type\":\"attachment\",\"relation\":\"AND\",\"skip\":0}' style='--dg-icon-width: 24%'>\n<div class='document-icon-row'>\n   <div class=\"document-icon\">\n      <a href=\"https:\/\/www.screenint.com\/wp-content\/uploads\/2017\/01\/MUM-SIHXL-300-500-rev-2025_01_21-ITA.pdf\" target=\"_self\">\n         <img decoding=\"async\" src=\"https:\/\/www.screenint.com\/wp-content\/uploads\/2017\/01\/MUM-SIHXL-300-500-rev-2025_01_21-ITA-thumb.png\" title=\"MUM &#8211; SIHXL 300-500 &#8211; rev 2025_01_21 &#8211; ITA\" alt=\"MUM &#8211; SIHXL 300-500 &#8211; rev 2025_01_21 &#8211; ITA\" data-ext=\"pdf\"\/>\n         <span class=\"title\">MUM &#8211; SIHXL 300-500 &#8211; rev 2025_01_21 &#8211; ITA<\/span>\n      <\/a>\n   <\/div>\n\n<\/div>\n<\/div>\n<\/div><\/div><\/div><\/section>\n<\/div><\/div>\n","protected":false},"excerpt":{"rendered":"","protected":false},"featured_media":10596,"comment_status":"closed","ping_status":"closed","template":"","meta":[],"product_brand":[],"product_cat":[86],"product_tag":[],"class_list":{"0":"post-5044","1":"product","2":"type-product","3":"status-publish","4":"has-post-thumbnail","6":"product_cat-elevatori-motorizzati-per-videoproiettori","8":"first","9":"outofstock","10":"shipping-taxable","11":"product-type-variable"},"yoast_head":"<!-- This site is optimized with the Yoast SEO plugin v27.2 - https:\/\/yoast.com\/product\/yoast-seo-wordpress\/ -->\n<title>Elevatore Motorizzato SI-H XL 500 - Screenint high quality projection screens<\/title>\n<meta name=\"robots\" content=\"index, follow, max-snippet:-1, max-image-preview:large, max-video-preview:-1\" \/>\n<link rel=\"canonical\" href=\"https:\/\/www.screenint.com\/it\/all-products\/projector-lift-si-h-500\/\" \/>\n<meta property=\"og:locale\" content=\"it_IT\" \/>\n<meta property=\"og:type\" content=\"article\" \/>\n<meta property=\"og:title\" content=\"Elevatore Motorizzato SI-H XL 500 - Screenint high quality projection screens\" \/>\n<meta property=\"og:url\" content=\"https:\/\/www.screenint.com\/it\/all-products\/projector-lift-si-h-500\/\" \/>\n<meta property=\"og:site_name\" content=\"Screenint high quality projection screens\" \/>\n<meta property=\"article:modified_time\" content=\"2025-01-21T11:54:52+00:00\" \/>\n<meta property=\"og:image\" content=\"https:\/\/www.screenint.com\/wp-content\/uploads\/2017\/01\/SIHXL500-450x450-1.png\" \/>\n\t<meta property=\"og:image:width\" content=\"450\" \/>\n\t<meta property=\"og:image:height\" content=\"450\" \/>\n\t<meta property=\"og:image:type\" content=\"image\/png\" \/>\n<meta name=\"twitter:card\" content=\"summary_large_image\" \/>\n<meta name=\"twitter:label1\" content=\"Tempo di lettura stimato\" \/>\n\t<meta name=\"twitter:data1\" content=\"2 minuti\" \/>\n<script type=\"application\/ld+json\" class=\"yoast-schema-graph\">{\"@context\":\"https:\/\/schema.org\",\"@graph\":[{\"@type\":\"WebPage\",\"@id\":\"https:\/\/www.screenint.com\/it\/all-products\/projector-lift-si-h-500\/\",\"url\":\"https:\/\/www.screenint.com\/it\/all-products\/projector-lift-si-h-500\/\",\"name\":\"Elevatore Motorizzato SI-H XL 500 - Screenint high quality projection screens\",\"isPartOf\":{\"@id\":\"https:\/\/www.screenint.com\/#website\"},\"primaryImageOfPage\":{\"@id\":\"https:\/\/www.screenint.com\/it\/all-products\/projector-lift-si-h-500\/#primaryimage\"},\"image\":{\"@id\":\"https:\/\/www.screenint.com\/it\/all-products\/projector-lift-si-h-500\/#primaryimage\"},\"thumbnailUrl\":\"https:\/\/www.screenint.com\/wp-content\/uploads\/2017\/01\/SIHXL500-450x450-1.png\",\"datePublished\":\"2017-05-17T16:31:16+00:00\",\"dateModified\":\"2025-01-21T11:54:52+00:00\",\"breadcrumb\":{\"@id\":\"https:\/\/www.screenint.com\/it\/all-products\/projector-lift-si-h-500\/#breadcrumb\"},\"inLanguage\":\"it-IT\",\"potentialAction\":[{\"@type\":\"ReadAction\",\"target\":[\"https:\/\/www.screenint.com\/it\/all-products\/projector-lift-si-h-500\/\"]}]},{\"@type\":\"ImageObject\",\"inLanguage\":\"it-IT\",\"@id\":\"https:\/\/www.screenint.com\/it\/all-products\/projector-lift-si-h-500\/#primaryimage\",\"url\":\"https:\/\/www.screenint.com\/wp-content\/uploads\/2017\/01\/SIHXL500-450x450-1.png\",\"contentUrl\":\"https:\/\/www.screenint.com\/wp-content\/uploads\/2017\/01\/SIHXL500-450x450-1.png\",\"width\":450,\"height\":450},{\"@type\":\"BreadcrumbList\",\"@id\":\"https:\/\/www.screenint.com\/it\/all-products\/projector-lift-si-h-500\/#breadcrumb\",\"itemListElement\":[{\"@type\":\"ListItem\",\"position\":1,\"name\":\"Home\",\"item\":\"https:\/\/www.screenint.com\/it\/homepage\/\"},{\"@type\":\"ListItem\",\"position\":2,\"name\":\"Products\",\"item\":\"https:\/\/www.screenint.com\/shop\/\"},{\"@type\":\"ListItem\",\"position\":3,\"name\":\"Elevatore Motorizzato SI-H XL 500\"}]},{\"@type\":\"WebSite\",\"@id\":\"https:\/\/www.screenint.com\/#website\",\"url\":\"https:\/\/www.screenint.com\/\",\"name\":\"Screenint high quality projection screens\",\"description\":\"Screens with very high quality, standard and custom sizes\",\"publisher\":{\"@id\":\"https:\/\/www.screenint.com\/#organization\"},\"potentialAction\":[{\"@type\":\"SearchAction\",\"target\":{\"@type\":\"EntryPoint\",\"urlTemplate\":\"https:\/\/www.screenint.com\/?s={search_term_string}\"},\"query-input\":{\"@type\":\"PropertyValueSpecification\",\"valueRequired\":true,\"valueName\":\"search_term_string\"}}],\"inLanguage\":\"it-IT\"},{\"@type\":\"Organization\",\"@id\":\"https:\/\/www.screenint.com\/#organization\",\"name\":\"Screenint high quality projection screens\",\"url\":\"https:\/\/www.screenint.com\/\",\"logo\":{\"@type\":\"ImageObject\",\"inLanguage\":\"it-IT\",\"@id\":\"https:\/\/www.screenint.com\/#\/schema\/logo\/image\/\",\"url\":\"https:\/\/www.screenint.com\/wp-content\/uploads\/2021\/11\/logo_screenint_2017-1.png\",\"contentUrl\":\"https:\/\/www.screenint.com\/wp-content\/uploads\/2021\/11\/logo_screenint_2017-1.png\",\"width\":159,\"height\":61,\"caption\":\"Screenint high quality projection screens\"},\"image\":{\"@id\":\"https:\/\/www.screenint.com\/#\/schema\/logo\/image\/\"}}]}<\/script>\n<!-- \/ Yoast SEO plugin. -->","yoast_head_json":{"title":"Elevatore Motorizzato SI-H XL 500 - Screenint high quality projection screens","robots":{"index":"index","follow":"follow","max-snippet":"max-snippet:-1","max-image-preview":"max-image-preview:large","max-video-preview":"max-video-preview:-1"},"canonical":"https:\/\/www.screenint.com\/it\/all-products\/projector-lift-si-h-500\/","og_locale":"it_IT","og_type":"article","og_title":"Elevatore Motorizzato SI-H XL 500 - Screenint high quality projection screens","og_url":"https:\/\/www.screenint.com\/it\/all-products\/projector-lift-si-h-500\/","og_site_name":"Screenint high quality projection screens","article_modified_time":"2025-01-21T11:54:52+00:00","og_image":[{"width":450,"height":450,"url":"https:\/\/www.screenint.com\/wp-content\/uploads\/2017\/01\/SIHXL500-450x450-1.png","type":"image\/png"}],"twitter_card":"summary_large_image","twitter_misc":{"Tempo di lettura stimato":"2 minuti"},"schema":{"@context":"https:\/\/schema.org","@graph":[{"@type":"WebPage","@id":"https:\/\/www.screenint.com\/it\/all-products\/projector-lift-si-h-500\/","url":"https:\/\/www.screenint.com\/it\/all-products\/projector-lift-si-h-500\/","name":"Elevatore Motorizzato SI-H XL 500 - Screenint high quality projection screens","isPartOf":{"@id":"https:\/\/www.screenint.com\/#website"},"primaryImageOfPage":{"@id":"https:\/\/www.screenint.com\/it\/all-products\/projector-lift-si-h-500\/#primaryimage"},"image":{"@id":"https:\/\/www.screenint.com\/it\/all-products\/projector-lift-si-h-500\/#primaryimage"},"thumbnailUrl":"https:\/\/www.screenint.com\/wp-content\/uploads\/2017\/01\/SIHXL500-450x450-1.png","datePublished":"2017-05-17T16:31:16+00:00","dateModified":"2025-01-21T11:54:52+00:00","breadcrumb":{"@id":"https:\/\/www.screenint.com\/it\/all-products\/projector-lift-si-h-500\/#breadcrumb"},"inLanguage":"it-IT","potentialAction":[{"@type":"ReadAction","target":["https:\/\/www.screenint.com\/it\/all-products\/projector-lift-si-h-500\/"]}]},{"@type":"ImageObject","inLanguage":"it-IT","@id":"https:\/\/www.screenint.com\/it\/all-products\/projector-lift-si-h-500\/#primaryimage","url":"https:\/\/www.screenint.com\/wp-content\/uploads\/2017\/01\/SIHXL500-450x450-1.png","contentUrl":"https:\/\/www.screenint.com\/wp-content\/uploads\/2017\/01\/SIHXL500-450x450-1.png","width":450,"height":450},{"@type":"BreadcrumbList","@id":"https:\/\/www.screenint.com\/it\/all-products\/projector-lift-si-h-500\/#breadcrumb","itemListElement":[{"@type":"ListItem","position":1,"name":"Home","item":"https:\/\/www.screenint.com\/it\/homepage\/"},{"@type":"ListItem","position":2,"name":"Products","item":"https:\/\/www.screenint.com\/shop\/"},{"@type":"ListItem","position":3,"name":"Elevatore Motorizzato SI-H XL 500"}]},{"@type":"WebSite","@id":"https:\/\/www.screenint.com\/#website","url":"https:\/\/www.screenint.com\/","name":"Screenint high quality projection screens","description":"Screens with very high quality, standard and custom sizes","publisher":{"@id":"https:\/\/www.screenint.com\/#organization"},"potentialAction":[{"@type":"SearchAction","target":{"@type":"EntryPoint","urlTemplate":"https:\/\/www.screenint.com\/?s={search_term_string}"},"query-input":{"@type":"PropertyValueSpecification","valueRequired":true,"valueName":"search_term_string"}}],"inLanguage":"it-IT"},{"@type":"Organization","@id":"https:\/\/www.screenint.com\/#organization","name":"Screenint high quality projection screens","url":"https:\/\/www.screenint.com\/","logo":{"@type":"ImageObject","inLanguage":"it-IT","@id":"https:\/\/www.screenint.com\/#\/schema\/logo\/image\/","url":"https:\/\/www.screenint.com\/wp-content\/uploads\/2021\/11\/logo_screenint_2017-1.png","contentUrl":"https:\/\/www.screenint.com\/wp-content\/uploads\/2021\/11\/logo_screenint_2017-1.png","width":159,"height":61,"caption":"Screenint high quality projection screens"},"image":{"@id":"https:\/\/www.screenint.com\/#\/schema\/logo\/image\/"}}]}},"_links":{"self":[{"href":"https:\/\/www.screenint.com\/it\/wp-json\/wp\/v2\/product\/5044","targetHints":{"allow":["GET"]}}],"collection":[{"href":"https:\/\/www.screenint.com\/it\/wp-json\/wp\/v2\/product"}],"about":[{"href":"https:\/\/www.screenint.com\/it\/wp-json\/wp\/v2\/types\/product"}],"replies":[{"embeddable":true,"href":"https:\/\/www.screenint.com\/it\/wp-json\/wp\/v2\/comments?post=5044"}],"wp:featuredmedia":[{"embeddable":true,"href":"https:\/\/www.screenint.com\/it\/wp-json\/wp\/v2\/media\/10596"}],"wp:attachment":[{"href":"https:\/\/www.screenint.com\/it\/wp-json\/wp\/v2\/media?parent=5044"}],"wp:term":[{"taxonomy":"product_brand","embeddable":true,"href":"https:\/\/www.screenint.com\/it\/wp-json\/wp\/v2\/product_brand?post=5044"},{"taxonomy":"product_cat","embeddable":true,"href":"https:\/\/www.screenint.com\/it\/wp-json\/wp\/v2\/product_cat?post=5044"},{"taxonomy":"product_tag","embeddable":true,"href":"https:\/\/www.screenint.com\/it\/wp-json\/wp\/v2\/product_tag?post=5044"}],"curies":[{"name":"wp","href":"https:\/\/api.w.org\/{rel}","templated":true}]}}